{"id":29439,"date":"2022-08-16T10:15:07","date_gmt":"2022-08-16T08:15:07","guid":{"rendered":"https:\/\/whistleline.eu\/meldung\/"},"modified":"2022-08-31T10:19:11","modified_gmt":"2022-08-31T08:19:11","slug":"meldung","status":"publish","type":"page","link":"https:\/\/whistleline.eu\/de\/meldung\/","title":{"rendered":"Meldung"},"content":{"rendered":"\n<div class=\"wp-block-cover alignfull is-light\" style=\"min-height:100vh;aspect-ratio:unset;\"><span aria-hidden=\"true\" class=\"wp-block-cover__background has-ast-global-color-8-background-color has-background-dim\"><\/span><img loading=\"lazy\" decoding=\"async\" width=\"2560\" height=\"1291\" class=\"wp-block-cover__image-background wp-image-8135\" alt=\"\" src=\"https:\/\/whistleline.eu\/wp-content\/uploads\/2022\/01\/Mode-demploi-du-Lanceur-dalerte-scaled.jpg\" style=\"object-position:48% 25%\" data-object-fit=\"cover\" data-object-position=\"48% 25%\" srcset=\"https:\/\/whistleline.eu\/wp-content\/uploads\/2022\/01\/Mode-demploi-du-Lanceur-dalerte-scaled.jpg 2560w, https:\/\/whistleline.eu\/wp-content\/uploads\/2022\/01\/Mode-demploi-du-Lanceur-dalerte-300x151.jpg 300w, https:\/\/whistleline.eu\/wp-content\/uploads\/2022\/01\/Mode-demploi-du-Lanceur-dalerte-1024x516.jpg 1024w, https:\/\/whistleline.eu\/wp-content\/uploads\/2022\/01\/Mode-demploi-du-Lanceur-dalerte-768x387.jpg 768w, https:\/\/whistleline.eu\/wp-content\/uploads\/2022\/01\/Mode-demploi-du-Lanceur-dalerte-1536x775.jpg 1536w, https:\/\/whistleline.eu\/wp-content\/uploads\/2022\/01\/Mode-demploi-du-Lanceur-dalerte-2048x1033.jpg 2048w\" sizes=\"auto, (max-width: 2560px) 100vw, 2560px\" \/><div class=\"wp-block-cover__inner-container is-layout-flow wp-block-cover-is-layout-flow\">\n<h1 class=\"has-ast-global-color-3-color has-text-color wp-block-heading\">Meldung<\/h1>\n\n\n\n<p class=\"has-ast-global-color-3-color has-text-color\">WhistleLine betreut Hinweisgeber\/innen und unterst\u00fctzt bei der Aufarbeitung von Hinweisen<\/p>\n<\/div><\/div>\n\n<div class=\"inherit-container-width wp-block-group alignfull has-ast-global-color-4-background-color has-background is-layout-constrained wp-block-group-is-layout-constrained\"><div class=\"wp-block-group__inner-container\">\n<h2 class=\"has-text-align-left wp-block-heading\">Leitfaden f\u00fcr Hinweisgeber\/innen<\/h2>\n\n\n\n<div class=\"wp-block-columns topblock is-layout-flex wp-container-core-columns-is-layout-28f84493 wp-block-columns-is-layout-flex\">\n<div class=\"wp-block-column is-vertically-aligned-top is-layout-flow wp-block-column-is-layout-flow\">\n<h4 class=\"wp-block-heading\">Hinweisgeber\/in<\/h4>\n\n\n\n<p>Eine nat\u00fcrliche Person, die Informationen \u00fcber <strong>Verst\u00f6\u00dfe <\/strong>meldet, die sie im Rahmen ihrer beruflichen T\u00e4tigkeiten erhalten hat.<\/p>\n<\/div>\n\n\n\n<div class=\"wp-block-column is-vertically-aligned-top topblock is-layout-flow wp-block-column-is-layout-flow\">\n<h4 class=\"wp-block-heading\">Versto\u00df<\/h4>\n\n\n\n<p>Handlungen oder Unterlassungen, die gegen das Unionsrecht versto\u00dfen und zu einer abschlie\u00dfenden Liste von <strong>Bereichen<\/strong> geh\u00f6ren. Die Liste der Bereiche ist unten aufgef\u00fchrt.<\/p>\n<\/div>\n\n\n\n<div class=\"wp-block-column is-vertically-aligned-top is-layout-flow wp-block-column-is-layout-flow\">\n<h4 class=\"wp-block-heading\">Meldekanal<\/h4>\n\n\n\n<p>Dieses Mittel wird von einer Organisation eingef\u00fchrt und durch ein Verfahren unterst\u00fctzt, mit dessen Hilfe der\/die Hinweisgeber\/in einen Versto\u00df melden kann. <strong>WhistleLine ist ein Meldekanal<\/strong>.<\/p>\n<\/div>\n<\/div>\n<\/div><\/div>\n\n<div class=\"inherit-container-width wp-block-group alignfull has-ast-global-color-3-color has-ast-global-color-6-background-color has-text-color has-background is-layout-constrained wp-block-group-is-layout-constrained\"><div class=\"wp-block-group__inner-container\">\n<h3 class=\"wp-block-heading\">Betroffene Bereiche<\/h3>\n\n\n\n<p><em>(Sachlicher Anwendungsbereich)<\/em><\/p>\n\n\n\n<div class=\"wp-block-uagb-icon-list uagb-block-2a848a2b uagb-icon-list__outer-wrap uagb-icon-list__layout-vertical\"><div class=\"uagb-icon-list__wrap\">\n<div class=\"wp-block-uagb-icon-list-child uagb-icon-list-repeater uagb-icon-list__wrapper uagb-block-710b6ece\"><div class=\"uagb-icon-list__content-wrap\"><span class=\"uagb-icon-list__source-wrap\"><span class=\"uagb-icon-list__source-icon\"><svg xmlns=\"http:\/\/www.w3.org\/2000\/svg\" viewbox=\"0 0 512 512\"><path d=\"M501.62 92.11L267.24 2.04a31.958 31.958 0 0 0-22.47 0L10.38 92.11A16.001 16.001 0 0 0 0 107.09V144c0 8.84 7.16 16 16 16h480c8.84 0 16-7.16 16-16v-36.91c0-6.67-4.14-12.64-10.38-14.98zM64 192v160H48c-8.84 0-16 7.16-16 16v48h448v-48c0-8.84-7.16-16-16-16h-16V192h-64v160h-96V192h-64v160h-96V192H64zm432 256H16c-8.84 0-16 7.16-16 16v32c0 8.84 7.16 16 16 16h480c8.84 0 16-7.16 16-16v-32c0-8.84-7.16-16-16-16z\"><\/path><\/svg><\/span><\/span><div class=\"uagb-icon-list__label-wrap\"><span class=\"uagb-icon-list__label\">\u00d6ffentliches Auftragswesen<\/span><\/div><\/div><\/div>\n\n\n\n<div class=\"wp-block-uagb-icon-list-child uagb-icon-list-repeater uagb-icon-list__wrapper uagb-block-4311cfec\"><div class=\"uagb-icon-list__content-wrap\"><span class=\"uagb-icon-list__source-wrap\"><span class=\"uagb-icon-list__source-icon\"><svg xmlns=\"http:\/\/www.w3.org\/2000\/svg\" viewbox=\"0 0 320 512\"><path d=\"M310.706 413.765c-1.314-6.63-7.835-10.872-14.424-9.369-10.692 2.439-27.422 5.413-45.426 5.413-56.763 0-101.929-34.79-121.461-85.449h113.689a12 12 0 0 0 11.708-9.369l6.373-28.36c1.686-7.502-4.019-14.631-11.708-14.631H115.22c-1.21-14.328-1.414-28.287.137-42.245H261.95a12 12 0 0 0 11.723-9.434l6.512-29.755c1.638-7.484-4.061-14.566-11.723-14.566H130.184c20.633-44.991 62.69-75.03 117.619-75.03 14.486 0 28.564 2.25 37.851 4.145 6.216 1.268 12.347-2.498 14.002-8.623l11.991-44.368c1.822-6.741-2.465-13.616-9.326-14.917C290.217 34.912 270.71 32 249.635 32 152.451 32 74.03 92.252 45.075 176H12c-6.627 0-12 5.373-12 12v29.755c0 6.627 5.373 12 12 12h21.569c-1.009 13.607-1.181 29.287-.181 42.245H12c-6.627 0-12 5.373-12 12v28.36c0 6.627 5.373 12 12 12h30.114C67.139 414.692 145.264 480 249.635 480c26.301 0 48.562-4.544 61.101-7.788 6.167-1.595 10.027-7.708 8.788-13.957l-8.818-44.49z\"><\/path><\/svg><\/span><\/span><div class=\"uagb-icon-list__label-wrap\"><span class=\"uagb-icon-list__label\">Finanzdienstleistungen, Finanzprodukte und Finanzm\u00e4rkte sowie Verhinderung von Geldw\u00e4sche und Terrorismusfinanzierung<\/span><\/div><\/div><\/div>\n\n\n\n<div class=\"wp-block-uagb-icon-list-child uagb-icon-list-repeater uagb-icon-list__wrapper uagb-block-a2741166\"><div class=\"uagb-icon-list__content-wrap\"><span class=\"uagb-icon-list__source-wrap\"><span class=\"uagb-icon-list__source-icon\"><svg xmlns=\"http:\/\/www.w3.org\/2000\/svg\" viewbox=\"0 0 576 512\"><path d=\"M159.88,175.82h64v64a16,16,0,0,0,16,16h64a16,16,0,0,0,16-16v-64h64a16,16,0,0,0,16-16v-64a16,16,0,0,0-16-16h-64v-64a16,16,0,0,0-16-16h-64a16,16,0,0,0-16,16v64h-64a16,16,0,0,0-16,16v64A16,16,0,0,0,159.88,175.82ZM568.07,336.13a39.91,39.91,0,0,0-55.93-8.47L392.47,415.84H271.86a16,16,0,0,1,0-32H350.1c16,0,30.75-10.87,33.37-26.61a32.06,32.06,0,0,0-31.62-37.38h-160a117.7,117.7,0,0,0-74.12,26.25l-46.5,37.74H15.87a16.11,16.11,0,0,0-16,16v96a16.11,16.11,0,0,0,16,16h347a104.8,104.8,0,0,0,61.7-20.27L559.6,392A40,40,0,0,0,568.07,336.13Z\"><\/path><\/svg><\/span><\/span><div class=\"uagb-icon-list__label-wrap\"><span class=\"uagb-icon-list__label\">Produktsicherheit und -konformit\u00e4t<\/span><\/div><\/div><\/div>\n\n\n\n<div class=\"wp-block-uagb-icon-list-child uagb-icon-list-repeater uagb-icon-list__wrapper uagb-block-39143e51\"><div class=\"uagb-icon-list__content-wrap\"><span class=\"uagb-icon-list__source-wrap\"><span class=\"uagb-icon-list__source-icon\"><svg xmlns=\"http:\/\/www.w3.org\/2000\/svg\" viewbox=\"0 0 576 512\"><path d=\"M480 192H365.71L260.61 8.06A16.014 16.014 0 0 0 246.71 0h-65.5c-10.63 0-18.3 10.17-15.38 20.39L214.86 192H112l-43.2-57.6c-3.02-4.03-7.77-6.4-12.8-6.4H16.01C5.6 128-2.04 137.78.49 147.88L32 256 .49 364.12C-2.04 374.22 5.6 384 16.01 384H56c5.04 0 9.78-2.37 12.8-6.4L112 320h102.86l-49.03 171.6c-2.92 10.22 4.75 20.4 15.38 20.4h65.5c5.74 0 11.04-3.08 13.89-8.06L365.71 320H480c35.35 0 96-28.65 96-64s-60.65-64-96-64z\"><\/path><\/svg><\/span><\/span><div class=\"uagb-icon-list__label-wrap\"><span class=\"uagb-icon-list__label\">Verkehrssicherheit<\/span><\/div><\/div><\/div>\n\n\n\n<div class=\"wp-block-uagb-icon-list-child uagb-icon-list-repeater uagb-icon-list__wrapper uagb-block-a126e42f\"><div class=\"uagb-icon-list__content-wrap\"><span class=\"uagb-icon-list__source-wrap\"><span class=\"uagb-icon-list__source-icon\"><svg xmlns=\"http:\/\/www.w3.org\/2000\/svg\" viewbox=\"0 0 384 512\"><path d=\"M378.31 378.49L298.42 288h30.63c9.01 0 16.98-5 20.78-13.06 3.8-8.04 2.55-17.26-3.28-24.05L268.42 160h28.89c9.1 0 17.3-5.35 20.86-13.61 3.52-8.13 1.86-17.59-4.24-24.08L203.66 4.83c-6.03-6.45-17.28-6.45-23.32 0L70.06 122.31c-6.1 6.49-7.75 15.95-4.24 24.08C69.38 154.65 77.59 160 86.69 160h28.89l-78.14 90.91c-5.81 6.78-7.06 15.99-3.27 24.04C37.97 283 45.93 288 54.95 288h30.63L5.69 378.49c-6 6.79-7.36 16.09-3.56 24.26 3.75 8.05 12 13.25 21.01 13.25H160v24.45l-30.29 48.4c-5.32 10.64 2.42 23.16 14.31 23.16h95.96c11.89 0 19.63-12.52 14.31-23.16L224 440.45V416h136.86c9.01 0 17.26-5.2 21.01-13.25 3.8-8.17 2.44-17.47-3.56-24.26z\"><\/path><\/svg><\/span><\/span><div class=\"uagb-icon-list__label-wrap\"><span class=\"uagb-icon-list__label\">Umweltschutz<\/span><\/div><\/div><\/div>\n\n\n\n<div class=\"wp-block-uagb-icon-list-child uagb-icon-list-repeater uagb-icon-list__wrapper uagb-block-7fa23c4c\"><div class=\"uagb-icon-list__content-wrap\"><span class=\"uagb-icon-list__source-wrap\"><span class=\"uagb-icon-list__source-icon\"><svg xmlns=\"http:\/\/www.w3.org\/2000\/svg\" viewbox=\"0 0 496 512\"><path d=\"M328.2 255.8h151.6c9.1 0 16.8-7.7 16.2-16.8-5.1-75.8-44.4-142.2-102.5-184.2-7.4-5.3-17.9-2.9-22.7 4.8L290.4 188c22.6 14.3 37.8 39.2 37.8 67.8zm-37.8 67.7c-12.3 7.7-26.8 12.4-42.4 12.4-15.6 0-30-4.7-42.4-12.4L125.2 452c-4.8 7.7-2.4 18.1 5.6 22.4C165.7 493.2 205.6 504 248 504s82.3-10.8 117.2-29.6c8-4.3 10.4-14.8 5.6-22.4l-80.4-128.5zM248 303.8c26.5 0 48-21.5 48-48s-21.5-48-48-48-48 21.5-48 48 21.5 48 48 48zm-231.8-48h151.6c0-28.6 15.2-53.5 37.8-67.7L125.2 59.7c-4.8-7.7-15.3-10.2-22.7-4.8C44.4 96.9 5.1 163.3 0 239.1c-.6 9 7.1 16.7 16.2 16.7z\"><\/path><\/svg><\/span><\/span><div class=\"uagb-icon-list__label-wrap\"><span class=\"uagb-icon-list__label\">Strahlenschutz und kerntechnische Sicherheit<\/span><\/div><\/div><\/div>\n\n\n\n<div class=\"wp-block-uagb-icon-list-child uagb-icon-list-repeater uagb-icon-list__wrapper uagb-block-4aa2d30f\"><div class=\"uagb-icon-list__content-wrap\"><span class=\"uagb-icon-list__source-wrap\"><span class=\"uagb-icon-list__source-icon\"><svg xmlns=\"http:\/\/www.w3.org\/2000\/svg\" viewbox=\"0 0 512 512\"><path d=\"M464 256H48a48 48 0 0 0 0 96h416a48 48 0 0 0 0-96zm16 128H32a16 16 0 0 0-16 16v16a64 64 0 0 0 64 64h352a64 64 0 0 0 64-64v-16a16 16 0 0 0-16-16zM58.64 224h394.72c34.57 0 54.62-43.9 34.82-75.88C448 83.2 359.55 32.1 256 32c-103.54.1-192 51.2-232.18 116.11C4 180.09 24.07 224 58.64 224zM384 112a16 16 0 1 1-16 16 16 16 0 0 1 16-16zM256 80a16 16 0 1 1-16 16 16 16 0 0 1 16-16zm-128 32a16 16 0 1 1-16 16 16 16 0 0 1 16-16z\"><\/path><\/svg><\/span><\/span><div class=\"uagb-icon-list__label-wrap\"><span class=\"uagb-icon-list__label\">Lebensmittel- und Futtermittelsicherheit, Tiergesundheit und Tierschutz<\/span><\/div><\/div><\/div>\n\n\n\n<div class=\"wp-block-uagb-icon-list-child uagb-icon-list-repeater uagb-icon-list__wrapper uagb-block-ed036db2\"><div class=\"uagb-icon-list__content-wrap\"><span class=\"uagb-icon-list__source-wrap\"><span class=\"uagb-icon-list__source-icon\"><svg xmlns=\"http:\/\/www.w3.org\/2000\/svg\" viewbox=\"0 0 512 512\"><path d=\"M256 0C114.6 0 0 114.6 0 256s114.6 256 256 256 256-114.6 256-256S397.4 0 256 0zm112 376c0 4.4-3.6 8-8 8h-48c-4.4 0-8-3.6-8-8v-88h-96v88c0 4.4-3.6 8-8 8h-48c-4.4 0-8-3.6-8-8V136c0-4.4 3.6-8 8-8h48c4.4 0 8 3.6 8 8v88h96v-88c0-4.4 3.6-8 8-8h48c4.4 0 8 3.6 8 8v240z\"><\/path><\/svg><\/span><\/span><div class=\"uagb-icon-list__label-wrap\"><span class=\"uagb-icon-list__label\">\u00d6ffentliche Gesundheit<\/span><\/div><\/div><\/div>\n\n\n\n<div class=\"wp-block-uagb-icon-list-child uagb-icon-list-repeater uagb-icon-list__wrapper uagb-block-f834d9c3\"><div class=\"uagb-icon-list__content-wrap\"><span class=\"uagb-icon-list__source-wrap\"><span class=\"uagb-icon-list__source-icon\"><svg xmlns=\"http:\/\/www.w3.org\/2000\/svg\" viewbox=\"0 0 576 512\"><path d=\"M576 216v16c0 13.255-10.745 24-24 24h-8l-26.113 182.788C514.509 462.435 494.257 480 470.37 480H105.63c-23.887 0-44.139-17.565-47.518-41.212L32 256h-8c-13.255 0-24-10.745-24-24v-16c0-13.255 10.745-24 24-24h67.341l106.78-146.821c10.395-14.292 30.407-17.453 44.701-7.058 14.293 10.395 17.453 30.408 7.058 44.701L170.477 192h235.046L326.12 82.821c-10.395-14.292-7.234-34.306 7.059-44.701 14.291-10.395 34.306-7.235 44.701 7.058L484.659 192H552c13.255 0 24 10.745 24 24zM312 392V280c0-13.255-10.745-24-24-24s-24 10.745-24 24v112c0 13.255 10.745 24 24 24s24-10.745 24-24zm112 0V280c0-13.255-10.745-24-24-24s-24 10.745-24 24v112c0 13.255 10.745 24 24 24s24-10.745 24-24zm-224 0V280c0-13.255-10.745-24-24-24s-24 10.745-24 24v112c0 13.255 10.745 24 24 24s24-10.745 24-24z\"><\/path><\/svg><\/span><\/span><div class=\"uagb-icon-list__label-wrap\"><span class=\"uagb-icon-list__label\">Verbraucherschutz<\/span><\/div><\/div><\/div>\n\n\n\n<div class=\"wp-block-uagb-icon-list-child uagb-icon-list-repeater uagb-icon-list__wrapper uagb-block-b2325bf6\"><div class=\"uagb-icon-list__content-wrap\"><span class=\"uagb-icon-list__source-wrap\"><span class=\"uagb-icon-list__source-icon\"><svg xmlns=\"http:\/\/www.w3.org\/2000\/svg\" viewbox=\"0 0 448 512\"><path d=\"M448 73.143v45.714C448 159.143 347.667 192 224 192S0 159.143 0 118.857V73.143C0 32.857 100.333 0 224 0s224 32.857 224 73.143zM448 176v102.857C448 319.143 347.667 352 224 352S0 319.143 0 278.857V176c48.125 33.143 136.208 48.572 224 48.572S399.874 209.143 448 176zm0 160v102.857C448 479.143 347.667 512 224 512S0 479.143 0 438.857V336c48.125 33.143 136.208 48.572 224 48.572S399.874 369.143 448 336z\"><\/path><\/svg><\/span><\/span><div class=\"uagb-icon-list__label-wrap\"><span class=\"uagb-icon-list__label\">Schutz der Privatsph\u00e4re und personenbezogener Daten sowie Sicherheit von Netz- und Informationssystemen<\/span><\/div><\/div><\/div>\n\n\n\n<div class=\"wp-block-uagb-icon-list-child uagb-icon-list-repeater uagb-icon-list__wrapper uagb-block-f322ca1b\"><div class=\"uagb-icon-list__content-wrap\"><span class=\"uagb-icon-list__source-wrap\"><span class=\"uagb-icon-list__source-icon\"><svg xmlns=\"http:\/\/www.w3.org\/2000\/svg\" viewbox=\"0 0 512 512\"><path d=\"M256 8c137 0 248 111 248 248S393 504 256 504 8 393 8 256 119 8 256 8zm-28.9 143.6l75.5 72.4H120c-13.3 0-24 10.7-24 24v16c0 13.3 10.7 24 24 24h182.6l-75.5 72.4c-9.7 9.3-9.9 24.8-.4 34.3l11 10.9c9.4 9.4 24.6 9.4 33.9 0L404.3 273c9.4-9.4 9.4-24.6 0-33.9L271.6 106.3c-9.4-9.4-24.6-9.4-33.9 0l-11 10.9c-9.5 9.6-9.3 25.1.4 34.4z\"><\/path><\/svg><\/span><\/span><div class=\"uagb-icon-list__label-wrap\"><span class=\"uagb-icon-list__label\">Sonstige (Verst\u00f6\u00dfe gegen die finanziellen Interessen der Union, Verst\u00f6\u00dfe gegen die Binnenmarktvorschriften ...) <\/span><\/div><\/div><\/div>\n<\/div><\/div>\n<\/div><\/div>\n\n<div class=\"inherit-container-width wp-block-group is-layout-constrained wp-block-group-is-layout-constrained\"><div class=\"wp-block-group__inner-container\">\n<div class=\"wp-block-columns is-layout-flex wp-container-core-columns-is-layout-28f84493 wp-block-columns-is-layout-flex\">\n<div class=\"wp-block-column is-layout-flow wp-block-column-is-layout-flow\">\n<h3 class=\"wp-block-heading\">Schritte<\/h3>\n\n\n\n<div class=\"wp-block-columns topblock is-layout-flex wp-container-core-columns-is-layout-28f84493 wp-block-columns-is-layout-flex\">\n<div class=\"wp-block-column is-layout-flow wp-block-column-is-layout-flow\">\n<h4 class=\"wp-block-heading\"><img loading=\"lazy\" decoding=\"async\" width=\"40\" height=\"49\" class=\"wp-image-8355\" style=\"width: 40px;\" src=\"https:\/\/whistleline.eu\/wp-content\/uploads\/2022\/01\/un.png\" alt=\"\" srcset=\"https:\/\/whistleline.eu\/wp-content\/uploads\/2022\/01\/un.png 518w, https:\/\/whistleline.eu\/wp-content\/uploads\/2022\/01\/un-244x300.png 244w\" sizes=\"auto, (max-width: 40px) 100vw, 40px\" \/> Meldung<\/h4>\n\n\n\n<p>Der\/die Hinweisgeber\/in <em>(Urheber\/in der Meldung)<\/em> f\u00fcllt das Online-Meldeformular* auf dieser Site aus (deren Adresse grunds\u00e4tzlich von der Organisation, der er\/sie angeh\u00f6rt, mitgeteilt wurde). Die Meldung ist Gegenstand umfangreicher Geheimhaltungsma\u00dfnahmen, und die Anonymit\u00e4t des Hinweisgebers\/der Hinweisgeberin ist garantiert. Nur <strong>WhistleLine <\/strong>kennt die Identit\u00e4t des Hinweisgebers\/der Hinweisgeberin.<\/p>\n\n\n\n<p><em>(*) Es kann weitere Kan\u00e4le wie etwa eine spezielle Telefonnummer geben.<\/em><\/p>\n<\/div>\n\n\n\n<div class=\"wp-block-column topblock is-layout-flow wp-block-column-is-layout-flow\">\n<h4 class=\"wp-block-heading\"><img loading=\"lazy\" decoding=\"async\" width=\"40\" height=\"49\" class=\"wp-image-8403\" style=\"width: 40px;\" src=\"https:\/\/whistleline.eu\/wp-content\/uploads\/2022\/01\/deux.png\" alt=\"\" srcset=\"https:\/\/whistleline.eu\/wp-content\/uploads\/2022\/01\/deux.png 518w, https:\/\/whistleline.eu\/wp-content\/uploads\/2022\/01\/deux-244x300.png 244w\" sizes=\"auto, (max-width: 40px) 100vw, 40px\" \/> Eingang und Schutz<\/h4>\n\n\n\n<p>Der\/die Hinweisgeber\/in erh\u00e4lt eine Eingangsbest\u00e4tigung von <strong>WhitleLine<\/strong>, das ihn\/sie w\u00e4hrend des gesamten Verfahrens betreut. Hierzu wird ein\/e Mittler\/in* bestimmt. Ab seinem\/ihrem Hinweis wird der\/die Hinweisgeber\/in gegen jede disziplinarische, diskriminierende oder repressive Ma\u00dfnahme vonseiten der Organisation gesch\u00fctzt. \u00dcber eine vertrauliche Kommunikation zwischen <strong>WhistleLine<\/strong> und dem\/der Hinweisgeber\/in kann die Akte vervollst\u00e4ndigt werden. Diese Kommunikation wird End-to-End verschl\u00fcsselt.<\/p>\n\n\n\n<p><em>(*) Der\/die Mittler\/in ist ein Mitglied von WhistleLine (<strong>empfohlene L\u00f6sung<\/strong>) oder wird von der Organisation bestimmt. Die Mittler\/innen von WhistleLine unterliegen dem Berufsgeheimnis und sind speziell f\u00fcr diese Aufgabe geschult.<\/em><\/p>\n<\/div>\n\n\n\n<div class=\"wp-block-column is-vertically-aligned-top is-layout-flow wp-block-column-is-layout-flow\">\n<h4 class=\"wp-block-heading\"><img loading=\"lazy\" decoding=\"async\" width=\"40\" height=\"49\" class=\"wp-image-8398\" style=\"width: 40px;\" src=\"https:\/\/whistleline.eu\/wp-content\/uploads\/2022\/01\/trois.png\" alt=\"\" srcset=\"https:\/\/whistleline.eu\/wp-content\/uploads\/2022\/01\/trois.png 518w, https:\/\/whistleline.eu\/wp-content\/uploads\/2022\/01\/trois-244x300.png 244w\" sizes=\"auto, (max-width: 40px) 100vw, 40px\" \/> L\u00f6sung<\/h4>\n\n\n\n<p><strong>WhistleLine <\/strong>nimmt im Rahmen der Pr\u00fcfung der Meldung Kontakt mit der Organisation auf und gew\u00e4hrleistet dabei die Anonymit\u00e4t des Hinweisgebers\/der Hinweisgeberin.<\/p>\n<\/div>\n<\/div>\n<\/div>\n<\/div>\n<\/div><\/div>\n\n<p><\/p>\n","protected":false},"excerpt":{"rendered":"<p>Leitfaden f\u00fcr Hinweisgeber\/innen Hinweisgeber\/in Eine nat\u00fcrliche Person, die Informationen \u00fcber Verst\u00f6\u00dfe meldet, die sie im Rahmen ihrer beruflichen T\u00e4tigkeiten erhalten hat. Versto\u00df Handlungen oder Unterlassungen, die gegen das Unionsrecht versto\u00dfen und zu einer abschlie\u00dfenden Liste von Bereichen geh\u00f6ren. Die Liste der Bereiche ist unten aufgef\u00fchrt. Meldekanal Dieses Mittel wird von einer Organisation eingef\u00fchrt und durch [&hellip;]<\/p>\n","protected":false},"author":1,"featured_media":0,"parent":0,"menu_order":0,"comment_status":"closed","ping_status":"closed","template":"","meta":{"_seopress_robots_primary_cat":"","_seopress_titles_title":"WhistleLine \u2013 Meldung eines Versto\u00dfes (Hinweisgeber\/innen)","_seopress_titles_desc":"WhistleLine, die Plattform, \u00fcber die Verst\u00f6\u00dfe gemeldet (interner Kanal) und eine hoch gesicherte Kommunikation mit dem\/der Hinweisgeber\/in hergestellt werden k\u00f6nnen","_seopress_robots_index":"","_seopress_analysis_target_kw":"","inline_featured_image":false,"_uag_custom_page_level_css":"","site-sidebar-layout":"no-sidebar","site-content-layout":"plain-container","ast-site-content-layout":"default","site-content-style":"default","site-sidebar-style":"default","ast-global-header-display":"","ast-banner-title-visibility":"","ast-main-header-display":"","ast-hfb-above-header-display":"","ast-hfb-below-header-display":"","ast-hfb-mobile-header-display":"","site-post-title":"disabled","ast-breadcrumbs-content":"","ast-featured-img":"disabled","footer-sml-layout":"","ast-disable-related-posts":"","theme-transparent-header-meta":"enabled","adv-header-id-meta":"","stick-header-meta":"enabled","header-above-stick-meta":"disabled","header-main-stick-meta":"disabled","header-below-stick-meta":"disabled","astra-migrate-meta-layouts":"default","ast-page-background-enabled":"default","ast-page-background-meta":{"desktop":{"background-color":"","background-image":"","background-repeat":"repeat","background-position":"center center","background-size":"auto","background-attachment":"scroll","background-type":"","background-media":"","overlay-type":"","overlay-color":"","overlay-opacity":"","overlay-gradient":""},"tablet":{"background-color":"","background-image":"","background-repeat":"repeat","background-position":"center center","background-size":"auto","background-attachment":"scroll","background-type":"","background-media":"","overlay-type":"","overlay-color":"","overlay-opacity":"","overlay-gradient":""},"mobile":{"background-color":"","background-image":"","background-repeat":"repeat","background-position":"center center","background-size":"auto","background-attachment":"scroll","background-type":"","background-media":"","overlay-type":"","overlay-color":"","overlay-opacity":"","overlay-gradient":""}},"ast-content-background-meta":{"desktop":{"background-color":"var(--ast-global-color-5)","background-image":"","background-repeat":"repeat","background-position":"center center","background-size":"auto","background-attachment":"scroll","background-type":"","background-media":"","overlay-type":"","overlay-color":"","overlay-opacity":"","overlay-gradient":""},"tablet":{"background-color":"var(--ast-global-color-5)","background-image":"","background-repeat":"repeat","background-position":"center center","background-size":"auto","background-attachment":"scroll","background-type":"","background-media":"","overlay-type":"","overlay-color":"","overlay-opacity":"","overlay-gradient":""},"mobile":{"background-color":"var(--ast-global-color-5)","background-image":"","background-repeat":"repeat","background-position":"center center","background-size":"auto","background-attachment":"scroll","background-type":"","background-media":"","overlay-type":"","overlay-color":"","overlay-opacity":"","overlay-gradient":""}},"footnotes":""},"class_list":["post-29439","page","type-page","status-publish","hentry"],"uagb_featured_image_src":{"full":false,"thumbnail":false,"medium":false,"medium_large":false,"large":false,"1536x1536":false,"2048x2048":false},"uagb_author_info":{"display_name":"christian","author_link":"https:\/\/whistleline.eu\/de\/author\/christian\/"},"uagb_comment_info":0,"uagb_excerpt":"Leitfaden f\u00fcr Hinweisgeber\/innen Hinweisgeber\/in Eine nat\u00fcrliche Person, die Informationen \u00fcber Verst\u00f6\u00dfe meldet, die sie im Rahmen ihrer beruflichen T\u00e4tigkeiten erhalten hat. Versto\u00df Handlungen oder Unterlassungen, die gegen das Unionsrecht versto\u00dfen und zu einer abschlie\u00dfenden Liste von Bereichen geh\u00f6ren. Die Liste der Bereiche ist unten aufgef\u00fchrt. Meldekanal Dieses Mittel wird von einer Organisation eingef\u00fchrt und durch&hellip;","_links":{"self":[{"href":"https:\/\/whistleline.eu\/de\/wp-json\/wp\/v2\/pages\/29439","targetHints":{"allow":["GET"]}}],"collection":[{"href":"https:\/\/whistleline.eu\/de\/wp-json\/wp\/v2\/pages"}],"about":[{"href":"https:\/\/whistleline.eu\/de\/wp-json\/wp\/v2\/types\/page"}],"author":[{"embeddable":true,"href":"https:\/\/whistleline.eu\/de\/wp-json\/wp\/v2\/users\/1"}],"replies":[{"embeddable":true,"href":"https:\/\/whistleline.eu\/de\/wp-json\/wp\/v2\/comments?post=29439"}],"version-history":[{"count":2,"href":"https:\/\/whistleline.eu\/de\/wp-json\/wp\/v2\/pages\/29439\/revisions"}],"predecessor-version":[{"id":31828,"href":"https:\/\/whistleline.eu\/de\/wp-json\/wp\/v2\/pages\/29439\/revisions\/31828"}],"wp:attachment":[{"href":"https:\/\/whistleline.eu\/de\/wp-json\/wp\/v2\/media?parent=29439"}],"curies":[{"name":"wp","href":"https:\/\/api.w.org\/{rel}","templated":true}]}}