{"id":29447,"date":"2022-08-16T10:15:11","date_gmt":"2022-08-16T08:15:11","guid":{"rendered":"https:\/\/whistleline.eu\/datenschutzrichtlinie\/"},"modified":"2022-08-31T10:19:12","modified_gmt":"2022-08-31T08:19:12","slug":"datenschutzrichtlinie","status":"publish","type":"page","link":"https:\/\/whistleline.eu\/de\/datenschutzrichtlinie\/","title":{"rendered":"Datenschutzrichtlinie"},"content":{"rendered":"\n<div class=\"wp-block-cover alignfull is-light\" style=\"min-height:100vh;aspect-ratio:unset;\"><span aria-hidden=\"true\" class=\"wp-block-cover__background has-ast-global-color-8-background-color has-background-dim\"><\/span><img loading=\"lazy\" decoding=\"async\" width=\"1920\" height=\"975\" class=\"wp-block-cover__image-background wp-image-9491\" alt=\"\" src=\"https:\/\/whistleline.eu\/wp-content\/uploads\/2022\/01\/Policies.jpg\" data-object-fit=\"cover\" srcset=\"https:\/\/whistleline.eu\/wp-content\/uploads\/2022\/01\/Policies.jpg 1920w, https:\/\/whistleline.eu\/wp-content\/uploads\/2022\/01\/Policies-300x152.jpg 300w, https:\/\/whistleline.eu\/wp-content\/uploads\/2022\/01\/Policies-1024x520.jpg 1024w, https:\/\/whistleline.eu\/wp-content\/uploads\/2022\/01\/Policies-768x390.jpg 768w, https:\/\/whistleline.eu\/wp-content\/uploads\/2022\/01\/Policies-1536x780.jpg 1536w\" sizes=\"auto, (max-width: 1920px) 100vw, 1920px\" \/><div class=\"wp-block-cover__inner-container is-layout-flow wp-block-cover-is-layout-flow\">\n<h1 class=\"has-ast-global-color-3-color has-text-color wp-block-heading\">Datenschutzrichtlinie<\/h1>\n\n\n\n<p class=\"has-ast-global-color-3-color has-text-color\">Ihre Daten sind sicher. WhistleLine garantiert die Anonymit\u00e4t des Hinweisgebers\/der Hinweisgeberin.<\/p>\n<\/div><\/div>\n\n<div style=\"height:50px\" aria-hidden=\"true\" class=\"wp-block-spacer\"><\/div>\n\n<h3 class=\"wp-block-heading\">Allgemeines<\/h3>\n\n<p>Diese Datenschutzrichtlinie gilt f\u00fcr personenbezogene Daten (nachfolgend die \u201eDaten\u201c), die wir von Ihnen erheben, um Ihnen die Produkte und Dienstleistungen bereitzustellen, die wir anbieten.<\/p>\n\n<p>Der Schutz Ihrer personenbezogenen Daten gem\u00e4\u00df Verordnung (EU) 2016\/679 des Europ\u00e4ischen Parlaments und des Rates vom 27. April 2016 zum Schutz nat\u00fcrlicher Personen bei der Verarbeitung personenbezogener Daten und zum freien Datenverkehr sowie gem\u00e4\u00df dem Gesetz vom 30. Juli 2018 zum Schutz nat\u00fcrlicher Personen bei der Verarbeitung personenbezogener Daten hat hohen Stellenwert f\u00fcr uns.<\/p>\n\n<p>Wenn Sie unsere Site nutzen oder uns im Zusammenhang mit Auskunftsersuchen, Werbeangeboten Ihre Daten direkt oder bei unseren Partnern \u00fcbermitteln, akzeptieren Sie die in dieser Datenschutzrichtlinie beschriebenen Praktiken. Wenn Sie die Bestimmungen dieser Richtlinie nicht akzeptieren, nutzen Sie unsere Site bitte nicht und \u00fcbermitteln Sie uns Ihre Daten bitte nicht. In diesem Fall akzeptieren Sie jedoch, nicht s\u00e4mtliche Dienste und sonstigen Vorteile, die von WhistleLine angeboten werden, nutzen zu k\u00f6nnen.<\/p>\n\n<h3 class=\"wp-block-heading\">Kontaktdaten des Verantwortlichen f\u00fcr die Verarbeitung<\/h3>\n\n<p>WHISTLELINE\u00ae ist eine eingetragene Handelsmarke der SRL GDPR Agency.<\/p>\n\n<p>Die SRL GDPR Agency (nachfolgend \u201eWHISTLELINE\u201c) mit Unternehmenssitz Chemin du Cyclotron 6 in 1348 LOUVAIN-LA-NEUVE (Belgien), eingetragen in der Zentralen Datenbank der Unternehmen unter Nummer (BE) 0673.492.972, ist f\u00fcr die Verarbeitung der personenbezogenen Daten verantwortlich, die Sie uns direkt \u00fcber unsere Site WHISTLELINE.EU sowie \u00fcber die Plattformen und anderen Tools \u00fcbermitteln, die Ihnen von WHISTLELINE bereitgestellt werden, und zwar direkt bei einem Kontakt mit WHISTLELINE oder indirekt bei einer Angebotsanforderung bei einem Partner.<\/p>\n\n<h3 class=\"wp-block-heading\">Welche Daten erheben wir, zu welchem Zweck und auf welcher Rechtsgrundlage?<\/h3>\n\n<p>Es handelt sich um die Daten, die Sie uns einerseits im Rahmen der Dienstleistungen \u00fcbermitteln, die wir erbringen, insbesondere \u00fcber die auf der Internetsite WHISTLELINE.EU angebotenen Formulare, und andererseits \u00fcber Cookies, die von uns oder allgemeiner von den Diensten Dritter gesetzt werden.<\/p>\n\n<div class=\"wp-block-group is-layout-flow wp-block-group-is-layout-flow\" style=\"padding-left:20px\"><div class=\"wp-block-group__inner-container\">\n<h4 class=\"wp-block-heading\">Kontaktformular<\/h4>\n\n\n\n<p>Zweck dieses Formulars ist es, Ihnen eine M\u00f6glichkeit zu bieten, Fragen zu unseren Dienstleistungen einzureichen. Wir nutzen die Daten aus diesem Formular nur im Rahmen Ihrer Anfrage und so lange, wie dies f\u00fcr deren zweckm\u00e4\u00dfige Beantwortung n\u00f6tig ist.<\/p>\n\n\n\n<p>\u00dcber dieses Formular k\u00f6nnen folgende Daten erhoben werden: Vorname, Nachname, E-Mail-Adresse, Gegenstand der Anfrage und eine Freitext-Nachricht des Verfassers\/der Verfasserin.<\/p>\n\n\n\n<p>Die Rechtsgrundlage, auf der diese Verarbeitung beruht, ist die Durchf\u00fchrung einer vorvertraglichen Ma\u00dfnahme.<\/p>\n\n\n\n<h4 class=\"wp-block-heading\">Meldung eines Versto\u00dfes<\/h4>\n\n\n\n<p>Die Meldung eines Versto\u00dfes im Sinne der Richtlinie (EU) 2019\/1937 vom 23. Oktober 2019, die Nachverfolgung und die Pr\u00fcfung dieser Meldung sowie die Betreuung der Hinweisgeber\/innen ist der Hauptzweck von WHISTLELINE.<\/p>\n\n\n\n<p>Die Meldung eines Versto\u00dfes erfolgt durch die Erhebung s\u00e4mtlicher Informationen ad hoc \u00fcber das Meldeformular, das \u00fcber eine nicht \u00f6ffentliche Adresse (URL) bereitsteht. Diese Adresse wird ausdr\u00fccklich von der Organisation mitgeteilt, die WHISTLELINE mit der Verwaltung ihres Meldekanals beauftragt hat.<\/p>\n\n\n\n<p><strong>Um seine vollst\u00e4ndige Unabh\u00e4ngigkeit bei der Nachverfolgung und Pr\u00fcfung dieser Meldungen sicherzustellen, beansprucht WHISTLELINE die Rolle des Verantwortlichen f\u00fcr die Verarbeitung w\u00e4hrend des gesamten Verfahrens.<\/strong>.<\/p>\n\n\n\n<p>Zu diesem Zweck erheben wir folgende Daten: Pseudonym, Nachname, Vorname, E-Mail-Adresse, Passwort, Festnetz- oder Mobilfunknummer, gew\u00fcnschte Zeit f\u00fcr Anrufe, T\u00e4tigkeitsbereich, auf den sich die Meldung bezieht, Freitext-Beschreibung der Meldung.<\/p>\n\n\n\n<p>Die Rechtsgrundlage f\u00fcr s\u00e4mtliche Verarbeitungen, die im Rahmen der Nachverfolgung und Pr\u00fcfung der Meldungen durchgef\u00fchrt werden, ist die Zustimmung des Verfassers\/der Verfasserin (des Hinweisgebers\/der Hinweisgeberin). <strong>Der\/die Verfasser\/in muss sich daher bewusst sein, dass der Widerruf der Zustimmung zur sofortigen Einstellung des Verfahrens f\u00fchrt<\/strong>.<\/p>\n\n\n\n<h4 class=\"wp-block-heading\">Wartung der Internetsite und Ereignisprotokollierung<\/h4>\n\n\n\n<p>Wir erheben die Metadaten des Verfassers\/der Verfasserin (konkret: die IP- und Browser-Adressen), um die Sicherheit unserer Internetsite und die Ereignisprotokollierung zu gew\u00e4hrleisten.<\/p>\n\n\n\n<p>Die Rechtsgrundlage, auf der diese Verarbeitung beruht, ist unser berechtigtes Interesse.<\/p>\n\n\n\n<h4 class=\"wp-block-heading\">Cookie-Verwaltung<\/h4>\n\n\n\n<p>Diese Website nutzt Cookies.<\/p>\n\n\n\n<p>Ein Cookies ist eine kleine Datei, die mit den Seiten einer Website gesendet und vom Browser auf der Festplatte Ihres Computers, Ihres Tablets oder Ihres Handys gespeichert wird. Die Informationen, die es enth\u00e4lt, k\u00f6nnen bei einem sp\u00e4teren Besuch an die Server der Site zur\u00fcckgesendet werden und erm\u00f6glichen dem\/der Verfasser\/in der Site so, die Aktivit\u00e4t des Internetnutzers\/der Internetnutzerin nachzuverfolgen.<\/p>\n\n\n\n<p>Bitte beachten Sie, dass man unter dem Begriff \u201eCookies\u201c auch alle anderen Nachverfolgungstechniken wie die \u201eScripts\u201c im Allgemeinen versteht. Ein Script ist ein Fragment eines Programmierungscodes, durch dessen Einsatz eine Website interaktiv funktioniert. Auch \u201eWeb-Beacons\u201c, \u201ePixel-Gifs\u201c oder \u201eSocial-Media-Cookies\u201c z\u00e4hlen zu den Cookies.<\/p>\n\n\n\n<p>Mit Cookies k\u00f6nnen der Inhalt personalisiert und Funktionen angeboten werden, die f\u00fcr das ordnungsgem\u00e4\u00dfe Funktionieren einer Website notwendig sind, so etwa die Pr\u00fcfung eines Warenkorbs oder die Speicherung einer Spracheinstellung. Bestimmte Cookies k\u00f6nnen von Dritten (Partner\/innen oder Unterauftragnehmer\/innen) zu gezielten Marketingzwecken gesetzt oder kontrolliert werden.<\/p>\n\n\n\n<p>WHISTLELINE beschr\u00e4nkt den Einsatz der Cookies so weit wie m\u00f6glich und nutzen keine Marketing-Cookies von Dritten oder solche, die ein Profil von Ihnen erstellen. Entsprechend handelt es sich bei der Mehrzahl der von WHISTLELINE gesetzten Cookies um technisch f\u00fcr das ordnungsgem\u00e4\u00dfe Funktionieren der Site notwendige.<\/p>\n\n\n\n<p>Detaillierte Informationen zu den von WHISTLELINE gesetzten Cookies finden Sie in unserer\u00a0<a href=\"https:\/\/whistleline.eu\/de\/cookie-richtlinie-eu\/\">Cookie-Richtlinie<\/a>.<\/p>\n<\/div><\/div>\n\n<h3 class=\"wp-block-heading\">Wie lange bewahren wir Ihre Daten auf?<\/h3>\n\n<p>Wir bewahren Ihre Daten so lange auf, wie es f\u00fcr die T\u00e4tigkeiten notwendig ist, f\u00fcr die sie erhoben wurden, sowie f\u00fcr die Einhaltung der geltenden Rechtsvorschriften.<\/p>\n\n<p>Nach Ende der Aufbewahrungsdauer der Daten werden diese anonymisiert, und die Metadaten werden zu statistischen Zwecken aufbewahrt.<\/p>\n\n<ul class=\"wp-block-list\"><li><strong>Kontaktformular<\/strong><br\/>Ihre Daten werden so lange aufbewahrt, wie es f\u00fcr eine Beantwortung Ihrer Anfrage notwendig ist.<\/li><li><strong>Meldung eines Versto\u00dfes<\/strong><br\/>Ihre Daten werden neun Monate aufbewahrt, um uns f\u00fcr den Zeitraum der drei Phasen abzusichern, die in den <a href=\"https:\/\/whistleline.eu\/de\/allgemeine-meldebedingungen\/\" data-type=\"page\" data-id=\"11504\">Allgemeinen Meldebedingungen<\/a> beschrieben sind. Anschlie\u00dfend werden Ihre Daten f\u00fcr eine Dauer von drei Jahren archiviert, um uns f\u00fcr eventuelle Rechtsmittel abzusichern. Allerdings werden sie vor Ende dieser Frist vernichtet, falls der\/die Hinweisgeber\/in dies verlangt.<\/li><li><strong>Wartung der Internetsite und Ereignisprotokollierung<\/strong><br\/>Ihre Daten werden sechs Monate ab dem Zeitpunkt der Erfassung aufbewahrt.<\/li><\/ul>\n<h3 class=\"wp-block-heading\">An wen k\u00f6nnen Ihre Daten \u00fcbermittelt werden?<\/h3>\n\n<p>Ihre Daten k\u00f6nnen an andere Gesellschaften, die zu WHISTLELINE geh\u00f6ren, zu den oben genannten Zwecken \u00fcbermittelt werden.<\/p>\n\n<p>Unter besonderen Umst\u00e4nden k\u00f6nnen Daten an hoch spezialisierte Technik-Unterauftragnehmer\/innen \u00fcbermittelt werden (zum Beispiel f\u00fcr die Weiterleitung vertraulicher E-Mails). In diesem Fall werden die Daten verschl\u00fcsselt.<\/p>\n\n<p>Um die uns bekannt gemachten Meldungen zu verwalten, nutzen wir die Plattform TUTANOTA. Wir verweisen auf die Webseite von TUTANOTA (<a href=\"https:\/\/tutanota.com\" target=\"_blank\" rel=\"noreferrer noopener\">https:\/\/tutanota.com<\/a>), auf der Sie weitere Informationen dazu erhalten, wie diese die personenbezogenen Daten verarbeitet.<\/p>\n\n<p>Daten im Zusammenhang mit Meldungen sind vertraulich und k\u00f6nnen teilweise ausschlie\u00dflich in anonymisierter Form im Rahmen des Pr\u00fcfverfahrens an die Verantwortlichen der Organisation \u00fcbermittelt werden, die ihren internen Kanal WHISTLELINE anvertraut hat. In diesem Fall werden die Daten gem\u00e4\u00df dem \u201e<em>Need-to-know<\/em>\u201c-Prinzip gefiltert. Die Aufhebung der Vertraulichkeit ist nur mit Zustimmung des Verfassers\/der Verfasserin der Meldung (Hinweisgeber\/in) m\u00f6glich.<\/p>\n\n<h3 class=\"wp-block-heading\">Welche Rechte haben Sie<\/h3>\n<ul>\n<li>Zugriffsrecht: Sie haben das Recht, jederzeit und kostenlos auf Ihre Daten zuzugreifen,<\/li>\n<li>Recht auf Berichtigung: Sie haben das Recht zu verlangen, dass unrichtige Daten berichtigt werden, und dass ungeeignete oder unn\u00f6tig gewordene Daten gel\u00f6scht werden. Wir machen Sie darauf aufmerksam, dass Sie stets verpflichtet sind, die Richtigkeit der Daten zu \u00fcberpr\u00fcfen, die Sie uns mitteilen.<\/li>\n<li>Recht auf L\u00f6schung: Wenn Sie mit der Verarbeitung Ihrer Daten nicht mehr einverstanden sind, und wenn Bedingungen auf Sie zutreffen, unter denen Sie Ihr Recht auf L\u00f6schung aus\u00fcben k\u00f6nnen, werden wir Ihre Daten aus unserer Datenbank l\u00f6schen.<\/li>\n<li>Recht auf \u00dcbertragbarkeit: Falls erforderlich, haben Sie auch ein Recht auf \u00dcbertragbarkeit Ihrer Daten unter den von geltendem Recht hinsichtlich des Datenschutzes vorgesehenen Bedingungen.<\/li>\n<li>Widerspruchsrecht: Sie verf\u00fcgen \u00fcber ein Recht auf Widerspruch gegen jegliche Nutzung Ihrer Daten zu Werbezwecken.<\/li>\n<li>Recht auf Einschr\u00e4nkung der Verarbeitung: Abschlie\u00dfend haben Sie das Recht, von WHISTLELINE die Einschr\u00e4nkung der Verarbeitung Ihrer Daten gem\u00e4\u00df geltendem Datenschutzrecht zu verlangen.<\/li>\n<\/ul>\n\n<h3 class=\"wp-block-heading\">Wie machen Sie Ihre Rechte geltend?<\/h3>\n\n<p>Durch Versand einer E-Mail an <a href=\"mailto:privacy@whistleline.eu\">privacy@whistleline.eu<\/a> oder eines Briefs an den Hauptsitz von<strong>:<\/strong><\/p>\n<p style=\"padding-left: 40px;\"><strong>WHISTLELINE<\/strong><br \/>Chemin du Cyclotron 6<br \/>1348 LOUVAIN-LA-NEUVE<br \/>Belgien<\/p>\n\n<p>Sie k\u00f6nnen auch unseren Datenschutzbeauftragten (DPO) kontaktieren per E-Mail an <a href=\"mailto:dpo@gdpr.agency\">dpo@gdpr.agency<\/a> oder per Brief an<\/p>\n<p style=\"padding-left: 40px;\"><strong data-rich-text-format-boundary=\"true\">GDPR Agency<\/strong><br data-rich-text-line-break=\"true\"><em>Zu H\u00e4nden des DPO<\/em><br data-rich-text-line-break=\"true\">Chemin du Cyclotron 6<br data-rich-text-line-break=\"true\">1348 Louvain-la-Neuve<br data-rich-text-line-break=\"true\">Belgien<\/p>\n\n<h3 class=\"wp-block-heading\">Was passiert bei einer Streitigkeit?<\/h3>\n\n<p>Wenn Sie denken, dass wir eine unserer gesetzlichen und\/oder vertraglichen Pflichten nicht erf\u00fcllen, bitten wir Sie, uns per E-Mail an die Adresse <a href=\"mailto:privacy@whistleline.eu\">privacy@whistleline.eu<\/a> zu kontaktieren. Wir werden uns nach Kr\u00e4ften bem\u00fchen, Ihnen eine schnellstm\u00f6gliche Bearbeitung zu garantieren.<\/p>\n\n<p>Alle Beanstandungen, Reklamationen oder Beschwerden sind an die Adresse des Unternehmenssitzes von WHISTLELINE zu richten.<\/p>\n\n<p>Falls Sie mit unserer Antwort nicht zufrieden sind, haben Sie das Recht, eine Beschwerde bei einer Aufsichtsbeh\u00f6rde einzureichen.<\/p>\n\n<p>Falls Sie mit unserer Antwort nicht zufrieden sind, haben Sie das Recht, eine Beschwerde bei einer Aufsichtsbeh\u00f6rde Ihres Landes einzureichen, deren Liste hier einsehbar ist:<br\/><a href=\"https:\/\/edpb.europa.eu\/about-edpb\/board\/members_fr\" target=\"_blank\" rel=\"noreferrer noopener\">https:\/\/edpb.europa.eu\/about-edpb\/board\/members_fr<\/a><\/p>\n\n<p>Sie k\u00f6nnen auch die belgische Aufsichtsbeh\u00f6rde kontaktieren, der WHISTLELINE untersteht (\u201efederf\u00fchrende\u201c Beh\u00f6rde):<\/p>\n\n<p>Die belgische Aufsichtsbeh\u00f6rde ist die<br\/><strong>DATENSCHUTZBEH\u00d6RDE<\/strong><br\/>Rue de la Presse 35<br\/>1000 Br\u00fcssel<br\/>E-Mail: <a href=\"mailto:CONTACT@APD-GBA.BE\" target=\"_blank\" rel=\"noreferrer noopener\">CONTACT@APD-GBA.BE<\/a><\/p>\n\n<h3 class=\"wp-block-heading\">Information zu Kindern<\/h3>\n\n<p>Grunds\u00e4tzlich erheben wir nicht absichtlich personenbezogene Informationen zu Kindern unter 13 Jahren. Sollten wir feststellen, dass wir versehentlich Informationen zu Kindern unter 13 Jahren erhoben haben, ergreifen wir Ma\u00dfnahmen, um die Informationen so rasch wie m\u00f6glich zu l\u00f6schen, sofern geltendes Recht uns nicht verpflichtet, sie aufzubewahren.<\/p>\n\n<p>Wenn wir wissen, dass ein Kind \u00e4lter als 13 Jahre ist, aber aufgrund von geltendem Recht als minderj\u00e4hrig anzusehen ist, holen wir die Zustimmung der Eltern\/des Vormunds ein, bevor wir die personenbezogenen Informationen dieses Kindes nutzen.<\/p>\n\n<h3 class=\"wp-block-heading\">Links zu anderen Websites und Diensten<\/h3>\n\n<p>Unsere Sites k\u00f6nnen Links zu Sites von Dritten enthalten, und einige unserer Dienste bieten Ihnen Zugang zu Diensten von Dritten (wie sozialen Netzwerken).<\/p>\n\n<p>Wir haben keine Kontrolle dar\u00fcber, wie die Sites und Dienste von Dritten Ihre personenbezogenen Informationen verarbeiten. Wir \u00fcberpr\u00fcfen die Sites und Dienste von Dritten nicht, und wir sind nicht f\u00fcr diese Sites und Dienste von Dritten oder ihre Grunds\u00e4tze zum Schutz der Privatsph\u00e4re verantwortlich. Bitte lesen Sie sich die Datenschutzerkl\u00e4rungen der Sites bzw. Dienste der Dritten durch, auf die Sie von unseren Sites oder Diensten aus zugreifen.<\/p>\n\n<h3 class=\"wp-block-heading\">Sicherheit<\/h3>\n\n<p>Wir haben auf technischem und organisatorischem Gebiet angemessene Sicherheitsvorschriften entwickelt, um Vernichtung, Verlust, Verf\u00e4lschung, Ver\u00e4nderung, unautorisierten Zugriff, unbeabsichtigte \u00dcbermittlung an Dritte sowie jede andere nicht autorisierte Verarbeitung von Daten zu verhindern.<\/p>\n\n<h3 class=\"wp-block-heading\">Haftungsbeschr\u00e4nkungsklausel<\/h3>\n\n<p>Die Haftung von WHISTLELINE ist auf direkte Sch\u00e4den unter Ausschluss aller indirekten Sch\u00e4den beschr\u00e4nkt. WHISTLELINE kann keinesfalls f\u00fcr angebliche indirekte Sch\u00e4den wie \u2013 ohne dass diese Liste Anspruch auf Vollst\u00e4ndigkeit erhebt \u2013 Datenverlust, finanzieller oder gesch\u00e4ftlicher Schaden, entgangener Gewinn, Erh\u00f6hung der Gemeinkosten, St\u00f6rung der Planung haftbar gemacht werden.<\/p>\n\n<p>Des Weiteren kann WHISTLELINE nicht f\u00fcr Sch\u00e4den haftbar gemacht werden, die die Folge einer unrechtm\u00e4\u00dfigen Datenbearbeitung durch Dritte (Datendiebstahl, Virus, Phishing oder andere Formen von Cyberkriminalit\u00e4t) sind.<\/p>\n\n<p>Ferner machen wir Sie darauf aufmerksam, dass die Links zur Internetsite Hyperlinks und weitere Verweise zu anderen Sites enthalten k\u00f6nnen, die wir weder verwalten noch kontrollieren, und f\u00fcr die diese Bestimmungen nicht gelten. Wir sind nicht f\u00fcr den Inhalt der Internetsites oder die von diesen unterbreiteten Angebote, Produkte und Dienstleistungen verantwortlich. Wir empfehlen Ihnen daher, die Datenschutzrichtlinien jeder Site, die Sie besuchen, aufmerksam zu lesen, da diese Richtlinien von unserer abweichen k\u00f6nnen.<\/p>\n\n<h3 class=\"wp-block-heading\">Geltendes Recht und zust\u00e4ndiges Gericht<\/h3>\n\n<p>Diese Bestimmungen unterliegen belgischem Recht, das im Streitfall als einziges gilt, und werden entsprechend ausgelegt und ausgef\u00fchrt.<\/p>\n\n<p>Jeglicher Streitfall, der nicht innerhalb einer Frist von h\u00f6chstens einem Monat ab seinem Auftreten \u2013 wobei die Frist einvernehmlich verl\u00e4ngert werden kann \u2013 g\u00fctlich beizulegen ist, kann von der zuerst handelnden Partei bei den franz\u00f6sischsprachigen Gerichten und Gerichtsh\u00f6fen des Gerichtsbezirks Nivelles (Belgien) anh\u00e4ngig gemacht werden, die als einzige zust\u00e4ndig sind.<\/p>\n\n<h3 class=\"wp-block-heading\">Datum des Inkrafttretens<\/h3>\n\n<p>Diese Datenschutzrichtlinie wurde am 21.07.2022 verfasst und ist an diesem Datum in Kraft getreten. Wir behalten uns das Recht vor, diese Richtlinie in eigenem Ermessen jederzeit zu \u00e4ndern, abzuwandeln, zu erg\u00e4nzen oder zu l\u00f6schen.<\/p>\n<p><span style=\"color: #999999;\">V1.0<\/span><\/p>\n\n<div style=\"height:30px\" aria-hidden=\"true\" class=\"wp-block-spacer\"><\/div>\n","protected":false},"excerpt":{"rendered":"<p>Allgemeines Diese Datenschutzrichtlinie gilt f\u00fcr personenbezogene Daten (nachfolgend die \u201eDaten\u201c), die wir von Ihnen erheben, um Ihnen die Produkte und Dienstleistungen bereitzustellen, die wir anbieten. Der Schutz Ihrer personenbezogenen Daten gem\u00e4\u00df Verordnung (EU) 2016\/679 des Europ\u00e4ischen Parlaments und des Rates vom 27. April 2016 zum Schutz nat\u00fcrlicher Personen bei der Verarbeitung personenbezogener Daten und zum [&hellip;]<\/p>\n","protected":false},"author":1,"featured_media":0,"parent":0,"menu_order":0,"comment_status":"closed","ping_status":"closed","template":"","meta":{"_seopress_robots_primary_cat":"","_seopress_titles_title":"","_seopress_titles_desc":"","_seopress_robots_index":"","inline_featured_image":false,"_uag_custom_page_level_css":"","site-sidebar-layout":"no-sidebar","site-content-layout":"plain-container","ast-site-content-layout":"default","site-content-style":"default","site-sidebar-style":"default","ast-global-header-display":"","ast-banner-title-visibility":"","ast-main-header-display":"","ast-hfb-above-header-display":"","ast-hfb-below-header-display":"","ast-hfb-mobile-header-display":"","site-post-title":"disabled","ast-breadcrumbs-content":"","ast-featured-img":"disabled","footer-sml-layout":"","ast-disable-related-posts":"","theme-transparent-header-meta":"enabled","adv-header-id-meta":"","stick-header-meta":"enabled","header-above-stick-meta":"disabled","header-main-stick-meta":"disabled","header-below-stick-meta":"disabled","astra-migrate-meta-layouts":"default","ast-page-background-enabled":"default","ast-page-background-meta":{"desktop":{"background-color":"","background-image":"","background-repeat":"repeat","background-position":"center center","background-size":"auto","background-attachment":"scroll","background-type":"","background-media":"","overlay-type":"","overlay-color":"","overlay-opacity":"","overlay-gradient":""},"tablet":{"background-color":"","background-image":"","background-repeat":"repeat","background-position":"center center","background-size":"auto","background-attachment":"scroll","background-type":"","background-media":"","overlay-type":"","overlay-color":"","overlay-opacity":"","overlay-gradient":""},"mobile":{"background-color":"","background-image":"","background-repeat":"repeat","background-position":"center center","background-size":"auto","background-attachment":"scroll","background-type":"","background-media":"","overlay-type":"","overlay-color":"","overlay-opacity":"","overlay-gradient":""}},"ast-content-background-meta":{"desktop":{"background-color":"var(--ast-global-color-5)","background-image":"","background-repeat":"repeat","background-position":"center center","background-size":"auto","background-attachment":"scroll","background-type":"","background-media":"","overlay-type":"","overlay-color":"","overlay-opacity":"","overlay-gradient":""},"tablet":{"background-color":"var(--ast-global-color-5)","background-image":"","background-repeat":"repeat","background-position":"center center","background-size":"auto","background-attachment":"scroll","background-type":"","background-media":"","overlay-type":"","overlay-color":"","overlay-opacity":"","overlay-gradient":""},"mobile":{"background-color":"var(--ast-global-color-5)","background-image":"","background-repeat":"repeat","background-position":"center center","background-size":"auto","background-attachment":"scroll","background-type":"","background-media":"","overlay-type":"","overlay-color":"","overlay-opacity":"","overlay-gradient":""}},"footnotes":""},"class_list":["post-29447","page","type-page","status-publish","hentry"],"uagb_featured_image_src":{"full":false,"thumbnail":false,"medium":false,"medium_large":false,"large":false,"1536x1536":false,"2048x2048":false},"uagb_author_info":{"display_name":"christian","author_link":"https:\/\/whistleline.eu\/de\/author\/christian\/"},"uagb_comment_info":0,"uagb_excerpt":"Allgemeines Diese Datenschutzrichtlinie gilt f\u00fcr personenbezogene Daten (nachfolgend die \u201eDaten\u201c), die wir von Ihnen erheben, um Ihnen die Produkte und Dienstleistungen bereitzustellen, die wir anbieten. Der Schutz Ihrer personenbezogenen Daten gem\u00e4\u00df Verordnung (EU) 2016\/679 des Europ\u00e4ischen Parlaments und des Rates vom 27. April 2016 zum Schutz nat\u00fcrlicher Personen bei der Verarbeitung personenbezogener Daten und zum&hellip;","_links":{"self":[{"href":"https:\/\/whistleline.eu\/de\/wp-json\/wp\/v2\/pages\/29447","targetHints":{"allow":["GET"]}}],"collection":[{"href":"https:\/\/whistleline.eu\/de\/wp-json\/wp\/v2\/pages"}],"about":[{"href":"https:\/\/whistleline.eu\/de\/wp-json\/wp\/v2\/types\/page"}],"author":[{"embeddable":true,"href":"https:\/\/whistleline.eu\/de\/wp-json\/wp\/v2\/users\/1"}],"replies":[{"embeddable":true,"href":"https:\/\/whistleline.eu\/de\/wp-json\/wp\/v2\/comments?post=29447"}],"version-history":[{"count":3,"href":"https:\/\/whistleline.eu\/de\/wp-json\/wp\/v2\/pages\/29447\/revisions"}],"predecessor-version":[{"id":31837,"href":"https:\/\/whistleline.eu\/de\/wp-json\/wp\/v2\/pages\/29447\/revisions\/31837"}],"wp:attachment":[{"href":"https:\/\/whistleline.eu\/de\/wp-json\/wp\/v2\/media?parent=29447"}],"curies":[{"name":"wp","href":"https:\/\/api.w.org\/{rel}","templated":true}]}}