{"id":29449,"date":"2022-08-16T10:15:13","date_gmt":"2022-08-16T08:15:13","guid":{"rendered":"https:\/\/whistleline.eu\/allgemeine-meldebedingungen\/"},"modified":"2022-08-31T10:19:12","modified_gmt":"2022-08-31T08:19:12","slug":"allgemeine-meldebedingungen","status":"publish","type":"page","link":"https:\/\/whistleline.eu\/de\/allgemeine-meldebedingungen\/","title":{"rendered":"Allgemeine Meldebedingungen"},"content":{"rendered":"\n<div class=\"wp-block-cover alignfull is-light\" style=\"min-height:100vh;aspect-ratio:unset;\"><span aria-hidden=\"true\" class=\"wp-block-cover__background has-ast-global-color-8-background-color has-background-dim\"><\/span><img loading=\"lazy\" decoding=\"async\" width=\"1920\" height=\"1242\" class=\"wp-block-cover__image-background wp-image-14017\" alt=\"Report received\" src=\"https:\/\/whistleline.eu\/wp-content\/uploads\/2022\/01\/Report-received.jpg\" style=\"object-position:49% 32%\" data-object-fit=\"cover\" data-object-position=\"49% 32%\" srcset=\"https:\/\/whistleline.eu\/wp-content\/uploads\/2022\/01\/Report-received.jpg 1920w, https:\/\/whistleline.eu\/wp-content\/uploads\/2022\/01\/Report-received-300x194.jpg 300w, https:\/\/whistleline.eu\/wp-content\/uploads\/2022\/01\/Report-received-1024x662.jpg 1024w, https:\/\/whistleline.eu\/wp-content\/uploads\/2022\/01\/Report-received-768x497.jpg 768w, https:\/\/whistleline.eu\/wp-content\/uploads\/2022\/01\/Report-received-1536x994.jpg 1536w\" sizes=\"auto, (max-width: 1920px) 100vw, 1920px\" \/><div class=\"wp-block-cover__inner-container is-layout-flow wp-block-cover-is-layout-flow\">\n<h1 class=\"has-ast-global-color-3-color has-text-color wp-block-heading\">Allgemeine Meldebedingungen<\/h1>\n\n\n\n<p class=\"has-ast-global-color-3-color has-text-color\">Gem\u00e4\u00df der <a rel=\"noreferrer noopener\" href=\"https:\/\/eur-lex.europa.eu\/legal-content\/DE\/TXT\/HTML\/?uri=CELEX:32019L1937\" target=\"_blank\">Richtlinie (EU) 2019\/1937<\/a>\u00a0vom 23. Oktober 2019<\/p>\n<\/div><\/div>\n\n<div style=\"height:50px\" aria-hidden=\"true\" class=\"wp-block-spacer\"><\/div>\n\n<p class=\"has-ast-global-color-0-background-color has-background\"><strong>Achtung! Bitte nehmen Sie die nachstehenden Informationen zur Kenntnis, bevor Sie Ihre Meldung erstatten, um sicherzugehen, dass Sie tats\u00e4chlich die durch die Richtlinie (EU) 2019\/1937 vom 23. Oktober 2019 festgelegten Bedingungen erf\u00fcllen, damit Sie den von ihr gew\u00e4hrten Schutz erhalten k\u00f6nnen.<\/strong><\/p>\n<h3>F\u00fcr welche Art von Hinweisgeber\/in gilt der Schutz?<\/h3>\n<ul>\n<li><strong>F\u00fcr alle Arten von Betroffenen<\/strong> (Konkret sind sowohl EU-B\u00fcrger\/innen als auch Drittstaatsangeh\u00f6rige gesch\u00fctzt, sofern sie mit EU-Unternehmen zu tun haben, wie Beamte\/Beamtinnen, Selbstst\u00e4ndige, Angestellte, Freiwillige, ehemalige und k\u00fcnftige Besch\u00e4ftigte, Aktion\u00e4re\/Aktion\u00e4rinnen, Mitglieder von Verwaltungs-, Gesch\u00e4ftsf\u00fchrungs- oder Aufsichtsgremien, Praktikant\/innen, Unterauftragnehmer\/innen usw.),<\/li>\n<li>Wer in <strong>gutem Glauben<\/strong> handelt,<\/li>\n<li>Wer Informationen zu <strong>m\u00f6glichen Verst\u00f6\u00dfen<\/strong> erhalten hat, und<\/li>\n<li>Wer zun\u00e4chst <strong>den internen Kanal genutzt hat, <\/strong>in diesem Fall die WhistleLine-Plattform.<\/li>\n<\/ul>\n<p>Der\/die Hinweisgeber\/in wird daraufhin vor Vergeltung, Bedrohung und versuchter Vergeltung gesch\u00fctzt.<\/p>\n<h3>Auf welche Bereiche bezieht sich die Meldung (alle L\u00e4nder)?<\/h3>\n<ul>\n<li>Bek\u00e4mpfung von Geldw\u00e4sche<\/li>\n<li>Verbraucherschutz<\/li>\n<li>Umweltschutz<\/li>\n<li>Verkehrssicherheit und -konformit\u00e4t<\/li>\n<li>Strahlenschutz und kerntechnische Sicherheit<\/li>\n<li>\u00d6ffentliche Gesundheit<\/li>\n<li>\u00d6ffentliches Auftragswesen und Dienstleistungsauftr\u00e4ge<\/li>\n<li>Schutz der Privatsph\u00e4re<\/li>\n<li>Finanzielle Interessen der Union und Wettbewerbsrecht<\/li>\n<li>Vorschriften \u00fcber staatliche Beihilfen und Vorschriften zur K\u00f6rperschaftsteuer<\/li>\n<\/ul>\n<h3>Auf welche Bereiche bezieht sie sich speziell in bestimmten L\u00e4ndern?<\/h3>\n<ul>\n<li>Sozial- oder Steuerbetrug (Belgien).<\/li>\n<\/ul>\n<h3>Wie kann der\/die Hinweisgeber\/in seine\/ihre Meldung erstatten?<\/h3>\n<p>Die Richtlinie zu Hinweisgebern f\u00fchrt ein Meldesystem mit drei Ebenen ein:<\/p>\n<ul>\n<li>Interne Meldung im Unternehmen,<\/li>\n<li>Externe Meldung an die von den Beh\u00f6rden benannten Beh\u00f6rden und<\/li>\n<li>Offenlegung.<\/li>\n<\/ul>\n<p>Um den Schutz zu erhalten, der dem\/der Hinweisgeber\/in gew\u00e4hrt wird, muss diese\/r zwingend das Verfahren einhalten, und zwar:<\/p>\n<ul>\n<li><strong>Erste Ebene<\/strong> <em>(Phase 1)<\/em>:\u00a0Meldung bei der Organisation\u00a0= interne Meldung,<\/li>\n<li><strong>Zweite Ebene<\/strong> <em>(Phase 2)<\/em>:\u00a0bei Nichtbearbeitung der internen Meldung innerhalb einer angemessenen Frist Meldung an die zust\u00e4ndigen Justiz- oder Verwaltungsbeh\u00f6rden = externe Meldung<\/li>\n<li><strong>Dritte Ebene<\/strong> <em>(Phase 3)<\/em>:\u00a0Als letzte M\u00f6glichkeit kann die Meldung, falls sie von den zust\u00e4ndigen Beh\u00f6rden nicht bearbeitet wird, \u00f6ffentlich gemacht werden = Offenlegung<\/li>\n<\/ul>\n\n<div class=\"wp-block-uagb-content-timeline uagb-timeline__outer-wrap uagb-block-0e20735e-0496-4119-91d3-d30737a2e9bf\"><div class=\"uagb-timeline__content-wrap uagb-timeline__center-block  uagb-timeline__arrow-center uagb-timeline__responsive-tablet uagb-timeline\"><div class=\"uagb-timeline-wrapper\"><div class=\"uagb-timeline__main\"><div class=\"uagb-timeline__days\">\n<article class=\"wp-block-uagb-content-timeline-child uagb-timeline__field uagb-timeline__field-wrap uagb-timeline-child-8e7908c5-e534-4ca1-9314-1bcc4915ff23\"><div class=\"uagb-timeline__widget uagb-timeline__right\"><div class=\"uagb-timeline__marker out-view-uagb-timeline__icon\"><span class=\"uagb-timeline__icon-new out-view-uagb-timeline__icon \"><svg xmlns=\"http:\/\/www.w3.org\/2000\/svg\" viewBox=\"0 0 448 512\"><path d=\"M413.1 222.5l22.2 22.2c9.4 9.4 9.4 24.6 0 33.9L241 473c-9.4 9.4-24.6 9.4-33.9 0L12.7 278.6c-9.4-9.4-9.4-24.6 0-33.9l22.2-22.2c9.5-9.5 25-9.3 34.3.4L184 343.4V56c0-13.3 10.7-24 24-24h32c13.3 0 24 10.7 24 24v287.4l114.8-120.5c9.3-9.8 24.8-10 34.3-.4z\"><\/path><\/svg><\/span><\/div><div class=\"uagb-timeline__day-new uagb-timeline__day-right\"><div class=\"uagb-events-new\"><div class=\"uagb-timeline__events-inner-new\"><div class=\"uagb-timeline__date-hide uagb-timeline__date-inner\"><\/div><div class=\"uagb-timeline-content\"><div class=\"uagb-timeline__heading-text\"><h4 class=\"uagb-timeline__heading\">Palier 1<\/h4><\/div><p class=\"uagb-timeline-desc-content\">Le Lanceur d'Alerte d\u00e9clare son signalement via WhistleLine, le canal interne de l'organisation.<\/p><div class=\"uagb-timeline__arrow\"><\/div><\/div><\/div><\/div><\/div><div class=\"uagb-timeline__date-new\"><\/div><\/div><\/article>\n\n\n\n<article class=\"wp-block-uagb-content-timeline-child uagb-timeline__field uagb-timeline__field-wrap uagb-timeline-child-160e318c-66ff-4d4a-9dd2-80a51dd1cef1\"><div class=\"uagb-timeline__widget uagb-timeline__left\"><div class=\"uagb-timeline__marker out-view-uagb-timeline__icon\"><span class=\"uagb-timeline__icon-new out-view-uagb-timeline__icon \"><svg xmlns=\"http:\/\/www.w3.org\/2000\/svg\" viewBox=\"0 0 448 512\"><path d=\"M413.1 222.5l22.2 22.2c9.4 9.4 9.4 24.6 0 33.9L241 473c-9.4 9.4-24.6 9.4-33.9 0L12.7 278.6c-9.4-9.4-9.4-24.6 0-33.9l22.2-22.2c9.5-9.5 25-9.3 34.3.4L184 343.4V56c0-13.3 10.7-24 24-24h32c13.3 0 24 10.7 24 24v287.4l114.8-120.5c9.3-9.8 24.8-10 34.3-.4z\"><\/path><\/svg><\/span><\/div><div class=\"uagb-timeline__day-new uagb-timeline__day-left\"><div class=\"uagb-events-new\"><div class=\"uagb-timeline__events-inner-new\"><div class=\"uagb-timeline__date-hide uagb-timeline__date-inner\"><\/div><div class=\"uagb-timeline-content\"><div class=\"uagb-timeline__heading-text\"><h4 class=\"uagb-timeline__heading\">Palier 2<\/h4><\/div><p class=\"uagb-timeline-desc-content\">Si l\u2019alerte n\u2019a pas \u00e9t\u00e9 trait\u00e9e dans un d\u00e9lai \u00ab\u00a0raisonnable\u00a0\u00bb lors du palier 1, le Lanceur d'Alerte peut s'adresser \u00e0 une autorit\u00e9 judiciaire ou administrative d\u00e9sign\u00e9e en fonction du domaine de signalement. <\/p><div class=\"uagb-timeline__arrow\"><\/div><\/div><\/div><\/div><\/div><div class=\"uagb-timeline__date-new\"><\/div><\/div><\/article>\n\n\n\n<article class=\"wp-block-uagb-content-timeline-child uagb-timeline__field uagb-timeline__field-wrap uagb-timeline-child-2879693f-1aa8-4d44-aa01-1a63c8f47dcf\"><div class=\"uagb-timeline__widget uagb-timeline__right\"><div class=\"uagb-timeline__marker out-view-uagb-timeline__icon\"><span class=\"uagb-timeline__icon-new out-view-uagb-timeline__icon \"><svg xmlns=\"http:\/\/www.w3.org\/2000\/svg\" viewBox=\"0 0 448 512\"><path d=\"M413.1 222.5l22.2 22.2c9.4 9.4 9.4 24.6 0 33.9L241 473c-9.4 9.4-24.6 9.4-33.9 0L12.7 278.6c-9.4-9.4-9.4-24.6 0-33.9l22.2-22.2c9.5-9.5 25-9.3 34.3.4L184 343.4V56c0-13.3 10.7-24 24-24h32c13.3 0 24 10.7 24 24v287.4l114.8-120.5c9.3-9.8 24.8-10 34.3-.4z\"><\/path><\/svg><\/span><\/div><div class=\"uagb-timeline__day-new uagb-timeline__day-right\"><div class=\"uagb-events-new\"><div class=\"uagb-timeline__events-inner-new\"><div class=\"uagb-timeline__date-hide uagb-timeline__date-inner\"><\/div><div class=\"uagb-timeline-content\"><div class=\"uagb-timeline__heading-text\"><h4 class=\"uagb-timeline__heading\">Palier 3<\/h4><\/div><p class=\"uagb-timeline-desc-content\">Si l\u2019alerte n\u2019a pas \u00e9t\u00e9 trait\u00e9e dans un d\u00e9lai de 3 mois lors du palier 2, le Lanceur d'Alerte peut alors la rendre publique (m\u00e9dias, associations, syndicats, ONG, etc.).<\/p><div class=\"uagb-timeline__arrow\"><\/div><\/div><\/div><\/div><\/div><div class=\"uagb-timeline__date-new\"><\/div><\/div><\/article>\n<\/div><div class=\"uagb-timeline__line\"><div class=\"uagb-timeline__line__inner\"><\/div><\/div><\/div><\/div><\/div><\/div>\n\n<div style=\"height:50px\" aria-hidden=\"true\" class=\"wp-block-spacer\"><\/div>\n<h3>Wie wird der Schutz des Hinweisgebers\/der Hinweisgeberin umgesetzt?<\/h3>\n<p>Wenn es hinreichende Gr\u00fcnde f\u00fcr die Annahme gibt, dass die Informationen des Hinweisgebers\/der Hinweisgeberin<\/p>\n<ul>\n<li>zum Zeitpunkt der Meldung wahr sind<\/li>\n<li>und sich die Informationen auf den Geltungsbereich der Richtlinie zu Hinweisgebern beziehen,<\/li>\n<\/ul>\n<p>Dann wird dem\/der Hinweisgeber\/in Schutz gew\u00e4hrt.<\/p>\n<h3>Welche Haftung tr\u00e4gt der\/die Hinweisgeber\/in?<\/h3>\n<p>Gem\u00e4\u00df den oben wiedergegebenen Bestimmungen muss der\/die Hinweisgeber\/in seine\/ihre Meldung in gutem Glauben und ohne b\u00f6se Absicht erstatten und versichern, dass er\/sie die Informationen zu m\u00f6glichen Verst\u00f6\u00dfen des Unternehmens erhalten hat.<\/p>\n<p>Wir machen den\/die Hinweisgeber\/in darauf aufmerksam, dass er\/sie andernfalls gegen\u00fcber seinem\/ihrem Unternehmen haftbar gemacht werden kann.<\/p>\n<h3>Welche Haftung tr\u00e4gt WHISTLELINE?<\/h3>\n<p>WhistleLine vermittelt zwischen dem\/der Hinweisgeber\/in und dem Unternehmen, f\u00fcr das WhistleLine die Meldeplattform bereitstellt <em>(Phase 1)<\/em>. Wir bearbeiten Meldungen vollkommen unabh\u00e4ngig vom Unternehmen. Auch wenn die Richtlinie zu Hinweisgebern formal s\u00e4mtliche Formen von Vergeltung gegen\u00fcber dem\/der Hinweisgeber\/in verbietet, k\u00f6nnen wir nicht haftbar gemacht werden, falls sich das Unternehmen nicht an dieses Verbot h\u00e4lt. Dennoch kann WhistleLine Sie unterst\u00fctzen, falls der\/die Arbeitgeber\/in Vergeltung \u00fcbt und uns dies gem\u00e4\u00df den Rechtsvorschriften des Landes, auf das sich die Meldung bezieht, mitgeteilt wird.<\/p>\n<p>Wenn WhistleLine dennoch haftbar gemacht werden kann, ist die Haftung auf direkte Sch\u00e4den unter Ausschluss aller indirekten Sch\u00e4den beschr\u00e4nkt. WhistleLine kann keinesfalls f\u00fcr angebliche indirekte Sch\u00e4den wie \u2013 ohne dass diese Liste Anspruch auf Vollst\u00e4ndigkeit erhebt \u2013 Datenverlust, finanzieller oder gesch\u00e4ftlicher Schaden, entgangener Gewinn, Erh\u00f6hung der Gemeinkosten, St\u00f6rung der Planung haftbar gemacht werden.<\/p>\n<p>Des Weiteren kann WhistleLine nicht f\u00fcr Sch\u00e4den haftbar gemacht werden, die die Folge einer unrechtm\u00e4\u00dfigen Datenbearbeitung durch Dritte (Datendiebstahl, Virus, Phishing oder andere Formen von Cyberkriminalit\u00e4t) sind.<\/p>\n<p>Ferner machen wir Sie darauf aufmerksam, dass die Links zur Internetsite Hyperlinks und weitere Verweise zu anderen Sites enthalten k\u00f6nnen, die wir weder verwalten noch kontrollieren, und f\u00fcr die diese Bestimmungen nicht gelten. Wir sind nicht f\u00fcr den Inhalt der Internetsites oder die von diesen unterbreiteten Angebote, Produkte und Dienstleistungen verantwortlich. Wir empfehlen Ihnen daher, die Datenschutzrichtlinien jeder Site, die Sie besuchen, aufmerksam zu lesen, da diese Richtlinien von unserer abweichen k\u00f6nnen.<\/p>\n<h3>Privatsph\u00e4re<\/h3>\n<p>Wir verweisen auf unsere <a href=\"https:\/\/whistleline.eu\/de\/datenschutzrichtlinie\/\">Datenschutzrichtlinie<\/a>, in der Sie weitere Informationen zur Verarbeitung Ihrer personenbezogenen Daten im Rahmen Ihrer Meldung erhalten.<\/p>\n<h3>Geltendes Recht und zust\u00e4ndiges Gericht<\/h3>\n<p>Diese Bestimmungen unterliegen belgischem Recht, das im Streitfall als einziges gilt, und werden entsprechend ausgelegt und ausgef\u00fchrt.<\/p>\n<p>Jeglicher Streitfall, der nicht innerhalb einer Frist von h\u00f6chstens einem Monat ab seinem Auftreten \u2013 wobei die Frist einvernehmlich verl\u00e4ngert werden kann \u2013 g\u00fctlich beizulegen ist, kann von der zuerst handelnden Partei bei den franz\u00f6sischsprachigen Gerichten und Gerichtsh\u00f6fen des Gerichtsbezirks Nivelles (Belgien) anh\u00e4ngig gemacht werden, die als einzige zust\u00e4ndig sind.<\/p>\n<h3>Datum des Inkrafttretens<\/h3>\n<p>Diese Allgemeinen Meldebedingungen wurden am 21.07.2022 verfasst und sind an diesem Datum in Kraft getreten. Wir behalten uns das Recht vor, diese Allgemeinen Bestimmungen in eigenem Ermessen jederzeit zu \u00e4ndern, abzuwandeln, zu erg\u00e4nzen oder zu l\u00f6schen.<\/p>\n<p><span style=\"color: #999999;\">V1.0<\/span><\/p>\n\n<div style=\"height:30px\" aria-hidden=\"true\" class=\"wp-block-spacer\"><\/div>\n","protected":false},"excerpt":{"rendered":"<p>Achtung! Bitte nehmen Sie die nachstehenden Informationen zur Kenntnis, bevor Sie Ihre Meldung erstatten, um sicherzugehen, dass Sie tats\u00e4chlich die durch die Richtlinie (EU) 2019\/1937 vom 23. Oktober 2019 festgelegten Bedingungen erf\u00fcllen, damit Sie den von ihr gew\u00e4hrten Schutz erhalten k\u00f6nnen. F\u00fcr welche Art von Hinweisgeber\/in gilt der Schutz? F\u00fcr alle Arten von Betroffenen (Konkret [&hellip;]<\/p>\n","protected":false},"author":1,"featured_media":0,"parent":0,"menu_order":0,"comment_status":"closed","ping_status":"closed","template":"","meta":{"_seopress_robots_primary_cat":"","_seopress_titles_title":"","_seopress_titles_desc":"","_seopress_robots_index":"","inline_featured_image":false,"_uag_custom_page_level_css":"","site-sidebar-layout":"no-sidebar","site-content-layout":"plain-container","ast-site-content-layout":"default","site-content-style":"default","site-sidebar-style":"default","ast-global-header-display":"","ast-banner-title-visibility":"","ast-main-header-display":"","ast-hfb-above-header-display":"","ast-hfb-below-header-display":"","ast-hfb-mobile-header-display":"","site-post-title":"disabled","ast-breadcrumbs-content":"","ast-featured-img":"disabled","footer-sml-layout":"","ast-disable-related-posts":"","theme-transparent-header-meta":"enabled","adv-header-id-meta":"","stick-header-meta":"enabled","header-above-stick-meta":"disabled","header-main-stick-meta":"disabled","header-below-stick-meta":"disabled","astra-migrate-meta-layouts":"default","ast-page-background-enabled":"default","ast-page-background-meta":{"desktop":{"background-color":"","background-image":"","background-repeat":"repeat","background-position":"center center","background-size":"auto","background-attachment":"scroll","background-type":"","background-media":"","overlay-type":"","overlay-color":"","overlay-opacity":"","overlay-gradient":""},"tablet":{"background-color":"","background-image":"","background-repeat":"repeat","background-position":"center center","background-size":"auto","background-attachment":"scroll","background-type":"","background-media":"","overlay-type":"","overlay-color":"","overlay-opacity":"","overlay-gradient":""},"mobile":{"background-color":"","background-image":"","background-repeat":"repeat","background-position":"center center","background-size":"auto","background-attachment":"scroll","background-type":"","background-media":"","overlay-type":"","overlay-color":"","overlay-opacity":"","overlay-gradient":""}},"ast-content-background-meta":{"desktop":{"background-color":"var(--ast-global-color-5)","background-image":"","background-repeat":"repeat","background-position":"center center","background-size":"auto","background-attachment":"scroll","background-type":"","background-media":"","overlay-type":"","overlay-color":"","overlay-opacity":"","overlay-gradient":""},"tablet":{"background-color":"var(--ast-global-color-5)","background-image":"","background-repeat":"repeat","background-position":"center center","background-size":"auto","background-attachment":"scroll","background-type":"","background-media":"","overlay-type":"","overlay-color":"","overlay-opacity":"","overlay-gradient":""},"mobile":{"background-color":"var(--ast-global-color-5)","background-image":"","background-repeat":"repeat","background-position":"center center","background-size":"auto","background-attachment":"scroll","background-type":"","background-media":"","overlay-type":"","overlay-color":"","overlay-opacity":"","overlay-gradient":""}},"footnotes":""},"class_list":["post-29449","page","type-page","status-publish","hentry"],"uagb_featured_image_src":{"full":false,"thumbnail":false,"medium":false,"medium_large":false,"large":false,"1536x1536":false,"2048x2048":false},"uagb_author_info":{"display_name":"christian","author_link":"https:\/\/whistleline.eu\/de\/author\/christian\/"},"uagb_comment_info":0,"uagb_excerpt":"Achtung! Bitte nehmen Sie die nachstehenden Informationen zur Kenntnis, bevor Sie Ihre Meldung erstatten, um sicherzugehen, dass Sie tats\u00e4chlich die durch die Richtlinie (EU) 2019\/1937 vom 23. Oktober 2019 festgelegten Bedingungen erf\u00fcllen, damit Sie den von ihr gew\u00e4hrten Schutz erhalten k\u00f6nnen. F\u00fcr welche Art von Hinweisgeber\/in gilt der Schutz? F\u00fcr alle Arten von Betroffenen (Konkret&hellip;","_links":{"self":[{"href":"https:\/\/whistleline.eu\/de\/wp-json\/wp\/v2\/pages\/29449","targetHints":{"allow":["GET"]}}],"collection":[{"href":"https:\/\/whistleline.eu\/de\/wp-json\/wp\/v2\/pages"}],"about":[{"href":"https:\/\/whistleline.eu\/de\/wp-json\/wp\/v2\/types\/page"}],"author":[{"embeddable":true,"href":"https:\/\/whistleline.eu\/de\/wp-json\/wp\/v2\/users\/1"}],"replies":[{"embeddable":true,"href":"https:\/\/whistleline.eu\/de\/wp-json\/wp\/v2\/comments?post=29449"}],"version-history":[{"count":3,"href":"https:\/\/whistleline.eu\/de\/wp-json\/wp\/v2\/pages\/29449\/revisions"}],"predecessor-version":[{"id":31839,"href":"https:\/\/whistleline.eu\/de\/wp-json\/wp\/v2\/pages\/29449\/revisions\/31839"}],"wp:attachment":[{"href":"https:\/\/whistleline.eu\/de\/wp-json\/wp\/v2\/media?parent=29449"}],"curies":[{"name":"wp","href":"https:\/\/api.w.org\/{rel}","templated":true}]}}