{"id":29555,"date":"2022-08-16T10:55:12","date_gmt":"2022-08-16T08:55:12","guid":{"rendered":"https:\/\/whistleline.eu\/algemene-voorwaarden-voor-meldingen\/"},"modified":"2022-08-31T10:31:48","modified_gmt":"2022-08-31T08:31:48","slug":"algemene-voorwaarden-voor-meldingen","status":"publish","type":"page","link":"https:\/\/whistleline.eu\/nl\/algemene-voorwaarden-voor-meldingen\/","title":{"rendered":"Algemene voorwaarden voor meldingen"},"content":{"rendered":"\n<div class=\"wp-block-cover alignfull is-light\" style=\"min-height:100vh;aspect-ratio:unset;\"><span aria-hidden=\"true\" class=\"wp-block-cover__background has-ast-global-color-8-background-color has-background-dim\"><\/span><img loading=\"lazy\" decoding=\"async\" width=\"1920\" height=\"1242\" class=\"wp-block-cover__image-background wp-image-14017\" alt=\"Report received\" src=\"https:\/\/whistleline.eu\/wp-content\/uploads\/2022\/01\/Report-received.jpg\" style=\"object-position:49% 32%\" data-object-fit=\"cover\" data-object-position=\"49% 32%\" srcset=\"https:\/\/whistleline.eu\/wp-content\/uploads\/2022\/01\/Report-received.jpg 1920w, https:\/\/whistleline.eu\/wp-content\/uploads\/2022\/01\/Report-received-300x194.jpg 300w, https:\/\/whistleline.eu\/wp-content\/uploads\/2022\/01\/Report-received-1024x662.jpg 1024w, https:\/\/whistleline.eu\/wp-content\/uploads\/2022\/01\/Report-received-768x497.jpg 768w, https:\/\/whistleline.eu\/wp-content\/uploads\/2022\/01\/Report-received-1536x994.jpg 1536w\" sizes=\"auto, (max-width: 1920px) 100vw, 1920px\" \/><div class=\"wp-block-cover__inner-container is-layout-flow wp-block-cover-is-layout-flow\">\n<h1 class=\"has-ast-global-color-3-color has-text-color wp-block-heading\">Algemene voorwaarden voor meldingen<\/h1>\n\n\n\n<p class=\"has-ast-global-color-3-color has-text-color\">In overeenstemming met <a rel=\"noreferrer noopener\" href=\"https:\/\/eur-lex.europa.eu\/legal-content\/FR\/TXT\/?uri=CELEX%3A32019L1937\" target=\"_blank\">Richtlijn (EU) 2019\/1937<\/a>\u00a0van 23 oktober 2019<\/p>\n<\/div><\/div>\n\n<div style=\"height:50px\" aria-hidden=\"true\" class=\"wp-block-spacer\"><\/div>\n\n<p class=\"has-ast-global-color-0-background-color has-background\"><strong>Opgelet! Gelieve alvorens uw melding te doen kennis te nemen van de volgende elementen om u ervan te vergewissen dat u voldoet aan de voorwaarden van Richtlijn (EU) 2019-1937 van 23 oktober 2019 om te genieten van de door deze Richtlijn geboden bescherming.<\/strong><\/p>\n<h3>Welk type van klokkenluider valt onder de bescherming?<\/h3>\n<ul>\n<li><strong>Elk type van belanghebbende<\/strong> (d.w.z. zowel EU-burgers als onderdanen van derde landen zijn beschermd, mits zij te maken hebben met EU-ondernemingen, zoals een ambtenaar, zelfstandige, werknemer, vrijwilliger, voormalige en toekomstige werknemers, aandeelhouders, leden van het bestuurs-, leidinggevend of toezichthoudend orgaan, stagiairs, onderaannemer enz.),<\/li>\n<li>Dat <strong>te goeder trouw<\/strong> handelt,<\/li>\n<li>Dat informatie heeft ontvangen over <strong>mogelijke niet-conformiteiten<\/strong> en<\/li>\n<li>Eerst een <strong>beroep heeft gedaan op het interne kanaal <\/strong>van het WhistleLine-platform.<\/li>\n<\/ul>\n<p>De klokkenluider zal zo beschermd worden tegen vergelding, bedreigingen en pogingen tot vergelding.<\/p>\n<h3>Welke domeinen worden beoogd door de melding (alle landen)?<\/h3>\n<ul>\n<li>Bestrijding van het witwassen van geld<\/li>\n<li>Consumentenbescherming<\/li>\n<li>Milieubescherming<\/li>\n<li>Veiligheid en conformiteit van vervoer<\/li>\n<li>Bescherming tegen straling en nucleaire veiligheid<\/li>\n<li>Volksgezondheid<\/li>\n<li>Overheidsopdrachten en opdrachten voor diensten<\/li>\n<li>Bescherming van de persoonlijke levenssfeer<\/li>\n<li>Financi\u00eble belangen van de EU en mededingingsrecht<\/li>\n<li>Regels inzake staatssteun en vennootschapsbelasting<\/li>\n<\/ul>\n<h3>Welke domeinen worden specifiek beoogd door bepaalde landen?<\/h3>\n<ul>\n<li>Sociale of fiscale fraude (Belgi\u00eb).<\/li>\n<\/ul>\n<h3>Hoe kan de klokkenluider zijn melding doen?<\/h3>\n<p>De richtlijn inzake klokkenluiders voorziet een meldingssysteem op drie niveaus:<\/p>\n<ul>\n<li>Interne melding binnen de onderneming,<\/li>\n<li>Externe melding aan de door de autoriteiten aangewezen instanties en<\/li>\n<li>Openbaarmaking.<\/li>\n<\/ul>\n<p>Om te genieten van de voorziene bescherming, moet de klokkenluider de procedure naleven, namelijk:<\/p>\n<ul>\n<li><strong>Eerste niveau <\/strong><em>(Tier 1)<\/em>:\u00a0de melding binnen de organisatie = interne melding,<\/li>\n<li><strong>Tweede niveau<\/strong> <em>(Tier 2)<\/em>:\u00a0indien de melding niet binnen een redelijke termijn intern wordt behandeld, wordt de melding bezorgd aan de bevoegde rechterlijke of bestuurlijke instanties = externe melding<\/li>\n<li><strong>Derde niveau<\/strong> <em>(Tier 3)<\/em>:\u00a0indien de bevoegde instanties de melding niet behandelen, kan de melding in laatste instantie openbaar worden gemaakt = openbaarmaking<\/li>\n<\/ul>\n\n<div class=\"wp-block-uagb-content-timeline uagb-timeline__outer-wrap uagb-block-0e20735e-0496-4119-91d3-d30737a2e9bf\"><div class=\"uagb-timeline__content-wrap uagb-timeline__center-block  uagb-timeline__arrow-center uagb-timeline__responsive-tablet uagb-timeline\"><div class=\"uagb-timeline-wrapper\"><div class=\"uagb-timeline__main\"><div class=\"uagb-timeline__days\">\n<article class=\"wp-block-uagb-content-timeline-child uagb-timeline__field uagb-timeline__field-wrap uagb-timeline-child-8e7908c5-e534-4ca1-9314-1bcc4915ff23\"><div class=\"uagb-timeline__widget uagb-timeline__right\"><div class=\"uagb-timeline__marker out-view-uagb-timeline__icon\"><span class=\"uagb-timeline__icon-new out-view-uagb-timeline__icon \"><svg xmlns=\"http:\/\/www.w3.org\/2000\/svg\" viewBox=\"0 0 448 512\"><path d=\"M413.1 222.5l22.2 22.2c9.4 9.4 9.4 24.6 0 33.9L241 473c-9.4 9.4-24.6 9.4-33.9 0L12.7 278.6c-9.4-9.4-9.4-24.6 0-33.9l22.2-22.2c9.5-9.5 25-9.3 34.3.4L184 343.4V56c0-13.3 10.7-24 24-24h32c13.3 0 24 10.7 24 24v287.4l114.8-120.5c9.3-9.8 24.8-10 34.3-.4z\"><\/path><\/svg><\/span><\/div><div class=\"uagb-timeline__day-new uagb-timeline__day-right\"><div class=\"uagb-events-new\"><div class=\"uagb-timeline__events-inner-new\"><div class=\"uagb-timeline__date-hide uagb-timeline__date-inner\"><\/div><div class=\"uagb-timeline-content\"><div class=\"uagb-timeline__heading-text\"><h4 class=\"uagb-timeline__heading\">Palier 1<\/h4><\/div><p class=\"uagb-timeline-desc-content\">Le Lanceur d'Alerte d\u00e9clare son signalement via WhistleLine, le canal interne de l'organisation.<\/p><div class=\"uagb-timeline__arrow\"><\/div><\/div><\/div><\/div><\/div><div class=\"uagb-timeline__date-new\"><\/div><\/div><\/article>\n\n\n\n<article class=\"wp-block-uagb-content-timeline-child uagb-timeline__field uagb-timeline__field-wrap uagb-timeline-child-160e318c-66ff-4d4a-9dd2-80a51dd1cef1\"><div class=\"uagb-timeline__widget uagb-timeline__left\"><div class=\"uagb-timeline__marker out-view-uagb-timeline__icon\"><span class=\"uagb-timeline__icon-new out-view-uagb-timeline__icon \"><svg xmlns=\"http:\/\/www.w3.org\/2000\/svg\" viewBox=\"0 0 448 512\"><path d=\"M413.1 222.5l22.2 22.2c9.4 9.4 9.4 24.6 0 33.9L241 473c-9.4 9.4-24.6 9.4-33.9 0L12.7 278.6c-9.4-9.4-9.4-24.6 0-33.9l22.2-22.2c9.5-9.5 25-9.3 34.3.4L184 343.4V56c0-13.3 10.7-24 24-24h32c13.3 0 24 10.7 24 24v287.4l114.8-120.5c9.3-9.8 24.8-10 34.3-.4z\"><\/path><\/svg><\/span><\/div><div class=\"uagb-timeline__day-new uagb-timeline__day-left\"><div class=\"uagb-events-new\"><div class=\"uagb-timeline__events-inner-new\"><div class=\"uagb-timeline__date-hide uagb-timeline__date-inner\"><\/div><div class=\"uagb-timeline-content\"><div class=\"uagb-timeline__heading-text\"><h4 class=\"uagb-timeline__heading\">Palier 2<\/h4><\/div><p class=\"uagb-timeline-desc-content\">Si l\u2019alerte n\u2019a pas \u00e9t\u00e9 trait\u00e9e dans un d\u00e9lai \u00ab\u00a0raisonnable\u00a0\u00bb lors du palier 1, le Lanceur d'Alerte peut s'adresser \u00e0 une autorit\u00e9 judiciaire ou administrative d\u00e9sign\u00e9e en fonction du domaine de signalement. <\/p><div class=\"uagb-timeline__arrow\"><\/div><\/div><\/div><\/div><\/div><div class=\"uagb-timeline__date-new\"><\/div><\/div><\/article>\n\n\n\n<article class=\"wp-block-uagb-content-timeline-child uagb-timeline__field uagb-timeline__field-wrap uagb-timeline-child-2879693f-1aa8-4d44-aa01-1a63c8f47dcf\"><div class=\"uagb-timeline__widget uagb-timeline__right\"><div class=\"uagb-timeline__marker out-view-uagb-timeline__icon\"><span class=\"uagb-timeline__icon-new out-view-uagb-timeline__icon \"><svg xmlns=\"http:\/\/www.w3.org\/2000\/svg\" viewBox=\"0 0 448 512\"><path d=\"M413.1 222.5l22.2 22.2c9.4 9.4 9.4 24.6 0 33.9L241 473c-9.4 9.4-24.6 9.4-33.9 0L12.7 278.6c-9.4-9.4-9.4-24.6 0-33.9l22.2-22.2c9.5-9.5 25-9.3 34.3.4L184 343.4V56c0-13.3 10.7-24 24-24h32c13.3 0 24 10.7 24 24v287.4l114.8-120.5c9.3-9.8 24.8-10 34.3-.4z\"><\/path><\/svg><\/span><\/div><div class=\"uagb-timeline__day-new uagb-timeline__day-right\"><div class=\"uagb-events-new\"><div class=\"uagb-timeline__events-inner-new\"><div class=\"uagb-timeline__date-hide uagb-timeline__date-inner\"><\/div><div class=\"uagb-timeline-content\"><div class=\"uagb-timeline__heading-text\"><h4 class=\"uagb-timeline__heading\">Palier 3<\/h4><\/div><p class=\"uagb-timeline-desc-content\">Si l\u2019alerte n\u2019a pas \u00e9t\u00e9 trait\u00e9e dans un d\u00e9lai de 3 mois lors du palier 2, le Lanceur d'Alerte peut alors la rendre publique (m\u00e9dias, associations, syndicats, ONG, etc.).<\/p><div class=\"uagb-timeline__arrow\"><\/div><\/div><\/div><\/div><\/div><div class=\"uagb-timeline__date-new\"><\/div><\/div><\/article>\n<\/div><div class=\"uagb-timeline__line\"><div class=\"uagb-timeline__line__inner\"><\/div><\/div><\/div><\/div><\/div><\/div>\n\n<div style=\"height:50px\" aria-hidden=\"true\" class=\"wp-block-spacer\"><\/div>\n<h3>Hoe wordt de bescherming van de klokkenluider ten uitvoer gelegd?<\/h3>\n<p>Als er redelijke gronden zijn om aan te nemen dat de informatie van de klokkenluider<\/p>\n<ul>\n<li>op het moment van de melding waar is<\/li>\n<li>en dat de informatie binnen het toepassingsdomein van de klokkenluidersrichtlijn valt,<\/li>\n<\/ul>\n<p>Dan geniet de klokkenluider van bescherming.<\/p>\n<h3>Welke aansprakelijkheid voor de klokkenluider?<\/h3>\n<p>In overeenstemming met het bovenstaande moet de klokkenluider zijn melding te goeder trouw doen, zonder kwaad opzet, en ervoor zorgen dat hij informatie over mogelijke niet-conformiteiten van de onderneming heeft verkregen.<\/p>\n<p>Anders vestigen wij de aandacht van de klokkenluider op het feit dat hij aansprakelijk kan zijn tegenover zijn bedrijf.<\/p>\n<h3>Welke aansprakelijkheid voor WHISTLELINE\u00a0?<\/h3>\n<p>WhistleLine is de tussenpersoon tussen de klokkenluider en het bedrijf waarvoor WhistleLine het meldingsplatform ter beschikking stelt <em>(Tier 1)<\/em>. Wij behandelen de meldingen volledig onafhankelijk van het bedrijf. Hoewel de Klokkenluidersrichtlijn elke vorm van vergelding tegen de klokkenluider formeel verbiedt, kunnen wij niet aansprakelijk worden gesteld als het bedrijf dit verbod negeert. WhistleLine kan u echter wel bijstaan in geval van vergelding door de werkgever, die aan WhistleLine wordt meegedeeld overeenkomstig de wetgeving van het land waar de melding wordt gedaan.<\/p>\n<p>Indien WhistleLine evenwel aansprakelijk kan worden gesteld, zal dit beperkt blijven tot de directe schade, met uitsluiting van alle indirecte schade. WhistleLine kan nooit aansprakelijk worden gesteld voor indirecte schade zoals, maar niet beperkt tot, verlies van Gegevens, financi\u00eble of commerci\u00eble schade, winstderving, verhoging van algemene kosten, verstoring van de planning.<\/p>\n<p>Verder kan WhistleLine niet aansprakelijk worden gesteld voor enige schade als gevolg van onrechtmatige manipulatie van de Gegevens door derden (diefstal van Gegevens, virussen, phishing of andere IT-inbreuken).<\/p>\n<p>Wij wijzen er tevens op dat links naar de Website hyperlinks en andere verwijzingen naar andere websites kunnen bevatten die wij niet beheren of controleren en waarop deze bepalingen niet van toepassing zijn. Wij zijn niet verantwoordelijk voor de inhoud van deze websites of voor de aanbiedingen, producten en diensten die er worden aangeboden. Wij raden u dus aan het privacybeleid van elke website die u bezoekt zorgvuldig te lezen, aangezien dit kan afwijken van dit beleid.<\/p>\n<h3>Privacy<\/h3>\n<p>Wij verwijzen naar ons <a href=\"https:\/\/whistleline.eu\/nl\/privacybeleid\/\">Privacybeleid<\/a> voor meer informatie over de verwerking van uw persoonsgegevens in het kader van uw melding.<\/p>\n<h3>Toepasselijk recht en bevoegde rechtbank<\/h3>\n<p>Deze bepalingen worden beheerst door, ge\u00efnterpreteerd en ten uitvoer gelegd in overeenstemming met het Belgische recht, dat het enige toepasselijke recht zal zijn in geval van een geschil.<\/p>\n<p>Elk geschil dat niet minnelijk kan worden geregeld binnen een termijn van hoogstens een maand nadat het zich heeft voorgedaan, termijn die in onderling akkoord kan worden verlengd, kan door de meest gerede partij voor de Franstalige hoven en rechtbanken van het gerechtelijk arrondissement Nijvel (Belgi\u00eb) worden gebracht, die als enige bevoegd zullen zijn.<\/p>\n<h3>Datum van inwerkingtreding<\/h3>\n<p>Deze algemene voorwaarden voor meldingen zijn opgesteld en in werking getreden op 21.07.2022. Wij behouden ons het recht voor, naar eigen goeddunken, te allen tijde delen van deze algemene voorwaarden te wijzigen, aan te passen, toe te voegen of te schrappen.<\/p>\n<p><span style=\"color: #999999;\">V1.0<\/span><\/p>\n\n<div style=\"height:30px\" aria-hidden=\"true\" class=\"wp-block-spacer\"><\/div>\n","protected":false},"excerpt":{"rendered":"<p>Opgelet! Gelieve alvorens uw melding te doen kennis te nemen van de volgende elementen om u ervan te vergewissen dat u voldoet aan de voorwaarden van Richtlijn (EU) 2019-1937 van 23 oktober 2019 om te genieten van de door deze Richtlijn geboden bescherming. Welk type van klokkenluider valt onder de bescherming? Elk type van belanghebbende [&hellip;]<\/p>\n","protected":false},"author":1,"featured_media":0,"parent":0,"menu_order":0,"comment_status":"closed","ping_status":"closed","template":"","meta":{"_seopress_robots_primary_cat":"","_seopress_titles_title":"","_seopress_titles_desc":"","_seopress_robots_index":"","inline_featured_image":false,"_uag_custom_page_level_css":"","site-sidebar-layout":"no-sidebar","site-content-layout":"plain-container","ast-site-content-layout":"default","site-content-style":"default","site-sidebar-style":"default","ast-global-header-display":"","ast-banner-title-visibility":"","ast-main-header-display":"","ast-hfb-above-header-display":"","ast-hfb-below-header-display":"","ast-hfb-mobile-header-display":"","site-post-title":"disabled","ast-breadcrumbs-content":"","ast-featured-img":"disabled","footer-sml-layout":"","ast-disable-related-posts":"","theme-transparent-header-meta":"enabled","adv-header-id-meta":"","stick-header-meta":"enabled","header-above-stick-meta":"disabled","header-main-stick-meta":"disabled","header-below-stick-meta":"disabled","astra-migrate-meta-layouts":"default","ast-page-background-enabled":"default","ast-page-background-meta":{"desktop":{"background-color":"","background-image":"","background-repeat":"repeat","background-position":"center center","background-size":"auto","background-attachment":"scroll","background-type":"","background-media":"","overlay-type":"","overlay-color":"","overlay-opacity":"","overlay-gradient":""},"tablet":{"background-color":"","background-image":"","background-repeat":"repeat","background-position":"center center","background-size":"auto","background-attachment":"scroll","background-type":"","background-media":"","overlay-type":"","overlay-color":"","overlay-opacity":"","overlay-gradient":""},"mobile":{"background-color":"","background-image":"","background-repeat":"repeat","background-position":"center center","background-size":"auto","background-attachment":"scroll","background-type":"","background-media":"","overlay-type":"","overlay-color":"","overlay-opacity":"","overlay-gradient":""}},"ast-content-background-meta":{"desktop":{"background-color":"var(--ast-global-color-5)","background-image":"","background-repeat":"repeat","background-position":"center center","background-size":"auto","background-attachment":"scroll","background-type":"","background-media":"","overlay-type":"","overlay-color":"","overlay-opacity":"","overlay-gradient":""},"tablet":{"background-color":"var(--ast-global-color-5)","background-image":"","background-repeat":"repeat","background-position":"center center","background-size":"auto","background-attachment":"scroll","background-type":"","background-media":"","overlay-type":"","overlay-color":"","overlay-opacity":"","overlay-gradient":""},"mobile":{"background-color":"var(--ast-global-color-5)","background-image":"","background-repeat":"repeat","background-position":"center center","background-size":"auto","background-attachment":"scroll","background-type":"","background-media":"","overlay-type":"","overlay-color":"","overlay-opacity":"","overlay-gradient":""}},"footnotes":""},"class_list":["post-29555","page","type-page","status-publish","hentry"],"uagb_featured_image_src":{"full":false,"thumbnail":false,"medium":false,"medium_large":false,"large":false,"1536x1536":false,"2048x2048":false},"uagb_author_info":{"display_name":"christian","author_link":"https:\/\/whistleline.eu\/nl\/author\/christian\/"},"uagb_comment_info":0,"uagb_excerpt":"Opgelet! Gelieve alvorens uw melding te doen kennis te nemen van de volgende elementen om u ervan te vergewissen dat u voldoet aan de voorwaarden van Richtlijn (EU) 2019-1937 van 23 oktober 2019 om te genieten van de door deze Richtlijn geboden bescherming. Welk type van klokkenluider valt onder de bescherming? Elk type van belanghebbende&hellip;","_links":{"self":[{"href":"https:\/\/whistleline.eu\/nl\/wp-json\/wp\/v2\/pages\/29555","targetHints":{"allow":["GET"]}}],"collection":[{"href":"https:\/\/whistleline.eu\/nl\/wp-json\/wp\/v2\/pages"}],"about":[{"href":"https:\/\/whistleline.eu\/nl\/wp-json\/wp\/v2\/types\/page"}],"author":[{"embeddable":true,"href":"https:\/\/whistleline.eu\/nl\/wp-json\/wp\/v2\/users\/1"}],"replies":[{"embeddable":true,"href":"https:\/\/whistleline.eu\/nl\/wp-json\/wp\/v2\/comments?post=29555"}],"version-history":[{"count":3,"href":"https:\/\/whistleline.eu\/nl\/wp-json\/wp\/v2\/pages\/29555\/revisions"}],"predecessor-version":[{"id":31892,"href":"https:\/\/whistleline.eu\/nl\/wp-json\/wp\/v2\/pages\/29555\/revisions\/31892"}],"wp:attachment":[{"href":"https:\/\/whistleline.eu\/nl\/wp-json\/wp\/v2\/media?parent=29555"}],"curies":[{"name":"wp","href":"https:\/\/api.w.org\/{rel}","templated":true}]}}